{"id":719,"date":"2022-04-29T13:26:30","date_gmt":"2022-04-29T13:26:30","guid":{"rendered":"https:\/\/stopline.modesk.io\/notice-legale\/"},"modified":"2022-09-06T15:53:53","modified_gmt":"2022-09-06T15:53:53","slug":"notice-legale","status":"publish","type":"page","link":"https:\/\/stopline.snj-dev.lu\/fr\/notice-legale\/","title":{"rendered":"Notice l\u00e9gale"},"content":{"rendered":"[vc_row type=\u00a0\u00bbin_container\u00a0\u00bb full_screen_row_position=\u00a0\u00bbmiddle\u00a0\u00bb column_margin=\u00a0\u00bbdefault\u00a0\u00bb column_direction=\u00a0\u00bbdefault\u00a0\u00bb column_direction_tablet=\u00a0\u00bbdefault\u00a0\u00bb column_direction_phone=\u00a0\u00bbdefault\u00a0\u00bb scene_position=\u00a0\u00bbcenter\u00a0\u00bb top_padding=\u00a0\u00bb3%\u00a0\u00bb bottom_padding=\u00a0\u00bb5%\u00a0\u00bb text_color=\u00a0\u00bbdark\u00a0\u00bb text_align=\u00a0\u00bbleft\u00a0\u00bb row_border_radius=\u00a0\u00bbnone\u00a0\u00bb row_border_radius_applies=\u00a0\u00bbbg\u00a0\u00bb overlay_strength=\u00a0\u00bb0.3&Prime; gradient_direction=\u00a0\u00bbleft_to_right\u00a0\u00bb shape_divider_position=\u00a0\u00bbbottom\u00a0\u00bb bg_image_animation=\u00a0\u00bbnone\u00a0\u00bb shape_type=\u00a0\u00bb\u00a0\u00bb][vc_column column_padding=\u00a0\u00bbno-extra-padding\u00a0\u00bb column_padding_tablet=\u00a0\u00bbinherit\u00a0\u00bb column_padding_phone=\u00a0\u00bbinherit\u00a0\u00bb column_padding_position=\u00a0\u00bball\u00a0\u00bb column_element_spacing=\u00a0\u00bbdefault\u00a0\u00bb background_color_opacity=\u00a0\u00bb1&Prime; background_hover_color_opacity=\u00a0\u00bb1&Prime; column_shadow=\u00a0\u00bbnone\u00a0\u00bb column_border_radius=\u00a0\u00bbnone\u00a0\u00bb column_link_target=\u00a0\u00bb_self\u00a0\u00bb gradient_direction=\u00a0\u00bbleft_to_right\u00a0\u00bb overlay_strength=\u00a0\u00bb0.3&Prime; width=\u00a0\u00bb1\/1&Prime; tablet_width_inherit=\u00a0\u00bbdefault\u00a0\u00bb tablet_text_alignment=\u00a0\u00bbdefault\u00a0\u00bb phone_text_alignment=\u00a0\u00bbdefault\u00a0\u00bb bg_image_animation=\u00a0\u00bbnone\u00a0\u00bb border_type=\u00a0\u00bbsimple\u00a0\u00bb column_border_width=\u00a0\u00bbnone\u00a0\u00bb column_border_style=\u00a0\u00bbsolid\u00a0\u00bb][vc_column_text]\n<div id=\"block-stopline-page-title\" class=\"block block-core block-page-title-block\">\n<div class=\"content\">\n<h1 class=\"js-quickedit-page-title title page-title\"><span class=\"field field--name-title field--type-string field--label-hidden\">Notice l\u00e9gale<\/span><\/h1>\n<\/div>\n<\/div>\n<article class=\"node node--type-page node--view-mode-full clearfix\" role=\"article\" data-history-node-id=\"34\">\n<header><\/header>\n<div class=\"node__content clearfix\">\n<div class=\"clearfix text-formatted field field--name-body field--type-text-with-summary field--label-hidden field__item\">\n<p>&nbsp;<\/p>\n<h2>Protection des Donn\u00e9es<\/h2>\n<p>Vos donn\u00e9es personnelles sont enregistr\u00e9es que pour nous permettre de traiter vos demandes. Elles ne seront jamais utilis\u00e9es \u00e0 des fins commerciales. Conform\u00e9ment \u00e0 la loi du 2 ao\u00fbt 2002 sur la protection des personnes \u00e0 l&rsquo;\u00e9gard du traitement des donn\u00e9es \u00e0 caract\u00e8re personnel, vous disposez d&rsquo;un droit d&rsquo;acc\u00e8s et de modification \u00e0 ces donn\u00e9es. Veuillez alors contacter la BEE SECURE Stopline.<\/p>\n<h2>Avertissement<\/h2>\n<p>Le site web de la BEE SECURE Stopline fournit des liens vers d&rsquo;autres sites web non contr\u00f4l\u00e9s par le Kanner-Jugendtelefon; par cons\u00e9quent, le Kanner-Jugendtelefon ne peut \u00eatre tenu responsable du contenu et des services propos\u00e9s sur ces sites.<br \/>\nSur ce site Web, BEE SECURE Stopline et ses partenaires souhaitent vous informer sur l\u2019utilisation sans danger des nouvelles technologies de l\u2019information et de la communication. Ces informations ne sont pas n\u00e9cessairement compl\u00e8tes, \u00e0 jour ou pr\u00e9cises. Nous veillons bien s\u00fbr \u00e0 ce que les informations soient aussi correctes et \u00e0 jour que possible. Veuillez utiliser le formulaire de contact pour nous informer des erreurs ou omissions que vous remarquez sur le site.<br \/>\nBEE SECURE est le seul responsable du contenu et des articles cr\u00e9\u00e9s dans le cadre du projet et publi\u00e9s sur ce site. Le contenu de ce site web n&rsquo;engage pas la Commission europ\u00e9enne. Par cons\u00e9quent, le contenu de ce site web ne repr\u00e9sente pas les vues de la Commission europ\u00e9enne et la Commission europ\u00e9enne ne peut \u00eatre tenue responsable de l&rsquo;utilisation des informations figurant sur ce site web.<br \/>\nDe la m\u00eame mani\u00e8re, les partenaires de la BEE SECURE Stopline ne peuvent \u00eatre tenus responsables des dommages r\u00e9sultant de l\u2019utilisation des informations de ce site, m\u00eame si lesdites informations ne sont pas claires, incorrectes ou obsol\u00e8tes. Cela s&rsquo;applique \u00e9galement \u00e0 toute information trouv\u00e9e sur des sites li\u00e9s \u00e0 ce site.<\/p>\n<h2>Droits d&rsquo;auteur<\/h2>\n<p>L&rsquo;utilisation du contenu dans sa forme originale et \u00e0 des fins non commerciales est autoris\u00e9e si la source est clairement indiqu\u00e9e.<br \/>\nSauf mention explicite, l&rsquo;ensemble du contenu de ce site web, \u00e0 l&rsquo;exception de la marque BEE SECURE, est sous licence Creative Commons BY-ND-NC 3.0 Luxembourg.<br \/>\nLa marque BEE SECURE reste la propri\u00e9t\u00e9 de ses propri\u00e9taires et tous droits r\u00e9serv\u00e9s.<br \/>\nPour toute question relative aux droits d&rsquo;auteur, veuillez nous contacter.<\/p>\n<h2>Editeurs du site<\/h2>\n<p>Ce site web est \u00e9dit\u00e9 par les partenaires de consortium de l&rsquo;initiative BEE SECURE: le KJT (Kanner-Jugendtelefon) et le Service national de la jeunesse.<br \/>\nBEE SECURE est une initiative du gouvernement du Grand-Duch\u00e9 de Luxembourg et cofinanc\u00e9e par l&rsquo;Union europ\u00e9enne.<br \/>\nPour toute question relative au site web et \u00e0 son contenu ou pour contacter le partenaire, veuillez vous reporter au formulaire de contact.<br \/>\nLe site est h\u00e9berg\u00e9 par le SNJ.<\/p>\n<\/div>\n<\/div>\n<\/article>\n[\/vc_column_text][\/vc_column][\/vc_row]\n","protected":false},"excerpt":{"rendered":"<p>[vc_row type=\u00a0\u00bbin_container\u00a0\u00bb full_screen_row_position=\u00a0\u00bbmiddle\u00a0\u00bb column_margin=\u00a0\u00bbdefault\u00a0\u00bb column_direction=\u00a0\u00bbdefault\u00a0\u00bb column_direction_tablet=\u00a0\u00bbdefault\u00a0\u00bb column_direction_phone=\u00a0\u00bbdefault\u00a0\u00bb scene_position=\u00a0\u00bbcenter\u00a0\u00bb top_padding=\u00a0\u00bb3%\u00a0\u00bb bottom_padding=\u00a0\u00bb5%\u00a0\u00bb text_color=\u00a0\u00bbdark\u00a0\u00bb text_align=\u00a0\u00bbleft\u00a0\u00bb row_border_radius=\u00a0\u00bbnone\u00a0\u00bb row_border_radius_applies=\u00a0\u00bbbg\u00a0\u00bb overlay_strength=\u00a0\u00bb0.3&Prime; gradient_direction=\u00a0\u00bbleft_to_right\u00a0\u00bb shape_divider_position=\u00a0\u00bbbottom\u00a0\u00bb bg_image_animation=\u00a0\u00bbnone\u00a0\u00bb shape_type=\u00a0\u00bb\u00a0\u00bb][vc_column column_padding=\u00a0\u00bbno-extra-padding\u00a0\u00bb column_padding_tablet=\u00a0\u00bbinherit\u00a0\u00bb column_padding_phone=\u00a0\u00bbinherit\u00a0\u00bb column_padding_position=\u00a0\u00bball\u00a0\u00bb column_element_spacing=\u00a0\u00bbdefault\u00a0\u00bb background_color_opacity=\u00a0\u00bb1&Prime; background_hover_color_opacity=\u00a0\u00bb1&Prime; column_shadow=\u00a0\u00bbnone\u00a0\u00bb column_border_radius=\u00a0\u00bbnone\u00a0\u00bb column_link_target=\u00a0\u00bb_self\u00a0\u00bb gradient_direction=\u00a0\u00bbleft_to_right\u00a0\u00bb&#8230;<\/p>\n","protected":false},"author":1,"featured_media":0,"parent":0,"menu_order":0,"comment_status":"closed","ping_status":"closed","template":"","meta":{"_acf_changed":false,"inline_featured_image":false,"footnotes":""},"class_list":["post-719","page","type-page","status-publish"],"acf":[],"yoast_head":"<!-- This site is optimized with the Yoast SEO plugin v23.8 - https:\/\/yoast.com\/wordpress\/plugins\/seo\/ -->\n<title>Notice l\u00e9gale - BEE SECURE Stopline<\/title>\n<meta name=\"robots\" content=\"index, follow, max-snippet:-1, max-image-preview:large, max-video-preview:-1\" \/>\n<link rel=\"canonical\" href=\"https:\/\/stopline.snj-dev.lu\/legal-notice\/\" \/>\n<meta property=\"og:locale\" content=\"fr_FR\" \/>\n<meta property=\"og:type\" content=\"article\" \/>\n<meta property=\"og:title\" content=\"Notice l\u00e9gale - BEE SECURE Stopline\" \/>\n<meta property=\"og:description\" content=\"[vc_row type=\u00a0\u00bbin_container\u00a0\u00bb full_screen_row_position=\u00a0\u00bbmiddle\u00a0\u00bb column_margin=\u00a0\u00bbdefault\u00a0\u00bb column_direction=\u00a0\u00bbdefault\u00a0\u00bb column_direction_tablet=\u00a0\u00bbdefault\u00a0\u00bb column_direction_phone=\u00a0\u00bbdefault\u00a0\u00bb scene_position=\u00a0\u00bbcenter\u00a0\u00bb top_padding=\u00a0\u00bb3%\u00a0\u00bb bottom_padding=\u00a0\u00bb5%\u00a0\u00bb text_color=\u00a0\u00bbdark\u00a0\u00bb text_align=\u00a0\u00bbleft\u00a0\u00bb row_border_radius=\u00a0\u00bbnone\u00a0\u00bb row_border_radius_applies=\u00a0\u00bbbg\u00a0\u00bb overlay_strength=\u00a0\u00bb0.3&Prime; gradient_direction=\u00a0\u00bbleft_to_right\u00a0\u00bb shape_divider_position=\u00a0\u00bbbottom\u00a0\u00bb bg_image_animation=\u00a0\u00bbnone\u00a0\u00bb shape_type=\u00a0\u00bb\u00a0\u00bb][vc_column column_padding=\u00a0\u00bbno-extra-padding\u00a0\u00bb column_padding_tablet=\u00a0\u00bbinherit\u00a0\u00bb column_padding_phone=\u00a0\u00bbinherit\u00a0\u00bb column_padding_position=\u00a0\u00bball\u00a0\u00bb column_element_spacing=\u00a0\u00bbdefault\u00a0\u00bb background_color_opacity=\u00a0\u00bb1&Prime; background_hover_color_opacity=\u00a0\u00bb1&Prime; column_shadow=\u00a0\u00bbnone\u00a0\u00bb column_border_radius=\u00a0\u00bbnone\u00a0\u00bb column_link_target=\u00a0\u00bb_self\u00a0\u00bb gradient_direction=\u00a0\u00bbleft_to_right\u00a0\u00bb...\" \/>\n<meta property=\"og:url\" content=\"https:\/\/stopline.snj-dev.lu\/legal-notice\/\" \/>\n<meta property=\"og:site_name\" content=\"BEE SECURE Stopline\" \/>\n<meta property=\"article:modified_time\" content=\"2022-09-06T15:53:53+00:00\" \/>\n<meta name=\"twitter:card\" content=\"summary_large_image\" \/>\n<meta name=\"twitter:label1\" content=\"Dur\u00e9e de lecture estim\u00e9e\" \/>\n\t<meta name=\"twitter:data1\" content=\"3 minutes\" \/>\n<script type=\"application\/ld+json\" class=\"yoast-schema-graph\">{\"@context\":\"https:\/\/schema.org\",\"@graph\":[{\"@type\":\"WebPage\",\"@id\":\"https:\/\/stopline.snj-dev.lu\/legal-notice\/\",\"url\":\"https:\/\/stopline.snj-dev.lu\/legal-notice\/\",\"name\":\"Notice l\u00e9gale - BEE SECURE Stopline\",\"isPartOf\":{\"@id\":\"https:\/\/stopline.snj-dev.lu\/#website\"},\"datePublished\":\"2022-04-29T13:26:30+00:00\",\"dateModified\":\"2022-09-06T15:53:53+00:00\",\"breadcrumb\":{\"@id\":\"https:\/\/stopline.snj-dev.lu\/legal-notice\/#breadcrumb\"},\"inLanguage\":\"fr-FR\",\"potentialAction\":[{\"@type\":\"ReadAction\",\"target\":[\"https:\/\/stopline.snj-dev.lu\/legal-notice\/\"]}]},{\"@type\":\"BreadcrumbList\",\"@id\":\"https:\/\/stopline.snj-dev.lu\/legal-notice\/#breadcrumb\",\"itemListElement\":[{\"@type\":\"ListItem\",\"position\":1,\"name\":\"Home\",\"item\":\"https:\/\/stopline.snj-dev.lu\/\"},{\"@type\":\"ListItem\",\"position\":2,\"name\":\"Notice l\u00e9gale\"}]},{\"@type\":\"WebSite\",\"@id\":\"https:\/\/stopline.snj-dev.lu\/#website\",\"url\":\"https:\/\/stopline.snj-dev.lu\/\",\"name\":\"BEE SECURE Stopline\",\"description\":\"\",\"publisher\":{\"@id\":\"https:\/\/stopline.snj-dev.lu\/#organization\"},\"potentialAction\":[{\"@type\":\"SearchAction\",\"target\":{\"@type\":\"EntryPoint\",\"urlTemplate\":\"https:\/\/stopline.snj-dev.lu\/?s={search_term_string}\"},\"query-input\":{\"@type\":\"PropertyValueSpecification\",\"valueRequired\":true,\"valueName\":\"search_term_string\"}}],\"inLanguage\":\"fr-FR\"},{\"@type\":\"Organization\",\"@id\":\"https:\/\/stopline.snj-dev.lu\/#organization\",\"name\":\"BEE SECURE Stopline\",\"url\":\"https:\/\/stopline.snj-dev.lu\/\",\"logo\":{\"@type\":\"ImageObject\",\"inLanguage\":\"fr-FR\",\"@id\":\"https:\/\/stopline.snj-dev.lu\/#\/schema\/logo\/image\/\",\"url\":\"https:\/\/stopline.bee-secure.lu\/wp-content\/uploads\/2022\/04\/bs_logo.svg\",\"contentUrl\":\"https:\/\/stopline.bee-secure.lu\/wp-content\/uploads\/2022\/04\/bs_logo.svg\",\"width\":\"1024\",\"height\":\"1024\",\"caption\":\"BEE SECURE Stopline\"},\"image\":{\"@id\":\"https:\/\/stopline.snj-dev.lu\/#\/schema\/logo\/image\/\"}}]}<\/script>\n<!-- \/ Yoast SEO plugin. -->","yoast_head_json":{"title":"Notice l\u00e9gale - BEE SECURE Stopline","robots":{"index":"index","follow":"follow","max-snippet":"max-snippet:-1","max-image-preview":"max-image-preview:large","max-video-preview":"max-video-preview:-1"},"canonical":"https:\/\/stopline.snj-dev.lu\/legal-notice\/","og_locale":"fr_FR","og_type":"article","og_title":"Notice l\u00e9gale - BEE SECURE Stopline","og_description":"[vc_row type=\u00a0\u00bbin_container\u00a0\u00bb full_screen_row_position=\u00a0\u00bbmiddle\u00a0\u00bb column_margin=\u00a0\u00bbdefault\u00a0\u00bb column_direction=\u00a0\u00bbdefault\u00a0\u00bb column_direction_tablet=\u00a0\u00bbdefault\u00a0\u00bb column_direction_phone=\u00a0\u00bbdefault\u00a0\u00bb scene_position=\u00a0\u00bbcenter\u00a0\u00bb top_padding=\u00a0\u00bb3%\u00a0\u00bb bottom_padding=\u00a0\u00bb5%\u00a0\u00bb text_color=\u00a0\u00bbdark\u00a0\u00bb text_align=\u00a0\u00bbleft\u00a0\u00bb row_border_radius=\u00a0\u00bbnone\u00a0\u00bb row_border_radius_applies=\u00a0\u00bbbg\u00a0\u00bb overlay_strength=\u00a0\u00bb0.3&Prime; gradient_direction=\u00a0\u00bbleft_to_right\u00a0\u00bb shape_divider_position=\u00a0\u00bbbottom\u00a0\u00bb bg_image_animation=\u00a0\u00bbnone\u00a0\u00bb shape_type=\u00a0\u00bb\u00a0\u00bb][vc_column column_padding=\u00a0\u00bbno-extra-padding\u00a0\u00bb column_padding_tablet=\u00a0\u00bbinherit\u00a0\u00bb column_padding_phone=\u00a0\u00bbinherit\u00a0\u00bb column_padding_position=\u00a0\u00bball\u00a0\u00bb column_element_spacing=\u00a0\u00bbdefault\u00a0\u00bb background_color_opacity=\u00a0\u00bb1&Prime; background_hover_color_opacity=\u00a0\u00bb1&Prime; column_shadow=\u00a0\u00bbnone\u00a0\u00bb column_border_radius=\u00a0\u00bbnone\u00a0\u00bb column_link_target=\u00a0\u00bb_self\u00a0\u00bb gradient_direction=\u00a0\u00bbleft_to_right\u00a0\u00bb...","og_url":"https:\/\/stopline.snj-dev.lu\/legal-notice\/","og_site_name":"BEE SECURE Stopline","article_modified_time":"2022-09-06T15:53:53+00:00","twitter_card":"summary_large_image","twitter_misc":{"Dur\u00e9e de lecture estim\u00e9e":"3 minutes"},"schema":{"@context":"https:\/\/schema.org","@graph":[{"@type":"WebPage","@id":"https:\/\/stopline.snj-dev.lu\/legal-notice\/","url":"https:\/\/stopline.snj-dev.lu\/legal-notice\/","name":"Notice l\u00e9gale - BEE SECURE Stopline","isPartOf":{"@id":"https:\/\/stopline.snj-dev.lu\/#website"},"datePublished":"2022-04-29T13:26:30+00:00","dateModified":"2022-09-06T15:53:53+00:00","breadcrumb":{"@id":"https:\/\/stopline.snj-dev.lu\/legal-notice\/#breadcrumb"},"inLanguage":"fr-FR","potentialAction":[{"@type":"ReadAction","target":["https:\/\/stopline.snj-dev.lu\/legal-notice\/"]}]},{"@type":"BreadcrumbList","@id":"https:\/\/stopline.snj-dev.lu\/legal-notice\/#breadcrumb","itemListElement":[{"@type":"ListItem","position":1,"name":"Home","item":"https:\/\/stopline.snj-dev.lu\/"},{"@type":"ListItem","position":2,"name":"Notice l\u00e9gale"}]},{"@type":"WebSite","@id":"https:\/\/stopline.snj-dev.lu\/#website","url":"https:\/\/stopline.snj-dev.lu\/","name":"BEE SECURE Stopline","description":"","publisher":{"@id":"https:\/\/stopline.snj-dev.lu\/#organization"},"potentialAction":[{"@type":"SearchAction","target":{"@type":"EntryPoint","urlTemplate":"https:\/\/stopline.snj-dev.lu\/?s={search_term_string}"},"query-input":{"@type":"PropertyValueSpecification","valueRequired":true,"valueName":"search_term_string"}}],"inLanguage":"fr-FR"},{"@type":"Organization","@id":"https:\/\/stopline.snj-dev.lu\/#organization","name":"BEE SECURE Stopline","url":"https:\/\/stopline.snj-dev.lu\/","logo":{"@type":"ImageObject","inLanguage":"fr-FR","@id":"https:\/\/stopline.snj-dev.lu\/#\/schema\/logo\/image\/","url":"https:\/\/stopline.bee-secure.lu\/wp-content\/uploads\/2022\/04\/bs_logo.svg","contentUrl":"https:\/\/stopline.bee-secure.lu\/wp-content\/uploads\/2022\/04\/bs_logo.svg","width":"1024","height":"1024","caption":"BEE SECURE Stopline"},"image":{"@id":"https:\/\/stopline.snj-dev.lu\/#\/schema\/logo\/image\/"}}]}},"_links":{"self":[{"href":"https:\/\/stopline.snj-dev.lu\/fr\/wp-json\/wp\/v2\/pages\/719","targetHints":{"allow":["GET"]}}],"collection":[{"href":"https:\/\/stopline.snj-dev.lu\/fr\/wp-json\/wp\/v2\/pages"}],"about":[{"href":"https:\/\/stopline.snj-dev.lu\/fr\/wp-json\/wp\/v2\/types\/page"}],"author":[{"embeddable":true,"href":"https:\/\/stopline.snj-dev.lu\/fr\/wp-json\/wp\/v2\/users\/1"}],"replies":[{"embeddable":true,"href":"https:\/\/stopline.snj-dev.lu\/fr\/wp-json\/wp\/v2\/comments?post=719"}],"version-history":[{"count":2,"href":"https:\/\/stopline.snj-dev.lu\/fr\/wp-json\/wp\/v2\/pages\/719\/revisions"}],"predecessor-version":[{"id":721,"href":"https:\/\/stopline.snj-dev.lu\/fr\/wp-json\/wp\/v2\/pages\/719\/revisions\/721"}],"wp:attachment":[{"href":"https:\/\/stopline.snj-dev.lu\/fr\/wp-json\/wp\/v2\/media?parent=719"}],"curies":[{"name":"wp","href":"https:\/\/api.w.org\/{rel}","templated":true}]}}