{"id":1042,"date":"2023-08-14T13:55:51","date_gmt":"2023-08-14T13:55:51","guid":{"rendered":"https:\/\/stopline.modesk.io\/accessibilite\/"},"modified":"2023-09-12T11:29:23","modified_gmt":"2023-09-12T11:29:23","slug":"accessibilite","status":"publish","type":"page","link":"https:\/\/stopline.snj-dev.lu\/fr\/accessibilite\/","title":{"rendered":"Accessibilit\u00e9"},"content":{"rendered":"[vc_row type=\u00a0\u00bbin_container\u00a0\u00bb full_screen_row_position=\u00a0\u00bbmiddle\u00a0\u00bb column_margin=\u00a0\u00bbdefault\u00a0\u00bb column_direction=\u00a0\u00bbdefault\u00a0\u00bb column_direction_tablet=\u00a0\u00bbdefault\u00a0\u00bb column_direction_phone=\u00a0\u00bbdefault\u00a0\u00bb scene_position=\u00a0\u00bbcenter\u00a0\u00bb text_color=\u00a0\u00bbdark\u00a0\u00bb text_align=\u00a0\u00bbleft\u00a0\u00bb row_border_radius=\u00a0\u00bbnone\u00a0\u00bb row_border_radius_applies=\u00a0\u00bbbg\u00a0\u00bb overflow=\u00a0\u00bbvisible\u00a0\u00bb overlay_strength=\u00a0\u00bb0.3&Prime; gradient_direction=\u00a0\u00bbleft_to_right\u00a0\u00bb shape_divider_position=\u00a0\u00bbbottom\u00a0\u00bb bg_image_animation=\u00a0\u00bbnone\u00a0\u00bb][vc_column column_padding=\u00a0\u00bbno-extra-padding\u00a0\u00bb column_padding_tablet=\u00a0\u00bbinherit\u00a0\u00bb column_padding_phone=\u00a0\u00bbinherit\u00a0\u00bb column_padding_position=\u00a0\u00bball\u00a0\u00bb column_element_direction_desktop=\u00a0\u00bbdefault\u00a0\u00bb column_element_spacing=\u00a0\u00bbdefault\u00a0\u00bb desktop_text_alignment=\u00a0\u00bbdefault\u00a0\u00bb tablet_text_alignment=\u00a0\u00bbdefault\u00a0\u00bb phone_text_alignment=\u00a0\u00bbdefault\u00a0\u00bb background_color_opacity=\u00a0\u00bb1&Prime; background_hover_color_opacity=\u00a0\u00bb1&Prime; column_backdrop_filter=\u00a0\u00bbnone\u00a0\u00bb column_shadow=\u00a0\u00bbnone\u00a0\u00bb column_border_radius=\u00a0\u00bbnone\u00a0\u00bb column_link_target=\u00a0\u00bb_self\u00a0\u00bb column_position=\u00a0\u00bbdefault\u00a0\u00bb gradient_direction=\u00a0\u00bbleft_to_right\u00a0\u00bb overlay_strength=\u00a0\u00bb0.3&Prime; width=\u00a0\u00bb1\/1&Prime; tablet_width_inherit=\u00a0\u00bbdefault\u00a0\u00bb animation_type=\u00a0\u00bbdefault\u00a0\u00bb bg_image_animation=\u00a0\u00bbnone\u00a0\u00bb border_type=\u00a0\u00bbsimple\u00a0\u00bb column_border_width=\u00a0\u00bbnone\u00a0\u00bb column_border_style=\u00a0\u00bbsolid\u00a0\u00bb][vc_column_text]\n<h1>Accessibilit\u00e9<\/h1>\n<p>Cette page n\u2019est pas une page d\u2019aide.<\/p>\n<p>Elle vise \u00e0 pr\u00e9senter nos engagements en mati\u00e8re d\u2019accessibilit\u00e9 num\u00e9rique puis \u00e0 d\u00e9finir le niveau de conformit\u00e9 de ce pr\u00e9sent site \u00e0 la r\u00e9glementation et aux r\u00e9f\u00e9rentiels en vigueur.<\/p>\n<h2>Qu\u2019est-ce que l\u2019accessibilit\u00e9 num\u00e9rique ?<\/h2>\n<p>L\u2019accessibilit\u00e9 num\u00e9rique est un ensemble de r\u00e8gles et de bonnes pratiques qui couvrent notamment les aspects fonctionnels, graphiques, techniques et \u00e9ditoriaux.<\/p>\n<p>Le suivi de ces r\u00e8gles et bonnes pratiques permet de s\u2019assurer que les supports num\u00e9riques (sites web, applications mobiles, documents PDF, etc.) sont accessibles aux personnes en situation de handicap.<\/p>\n<p>Un site accessible permet par exemple de :<\/p>\n<ul>\n<li>Personnaliser son affichage via le syst\u00e8me d\u2019exploitation et\/ou le navigateur (agrandissement ou r\u00e9tr\u00e9cissement des caract\u00e8res, changement de la typographie, modification des couleurs, arr\u00eat des animations, etc.).<\/li>\n<li>Naviguer \u00e0 l\u2019aide de technologies d\u2019assistance comme une synth\u00e8se vocale ou une plage braille.<\/li>\n<li>Naviguer sans utiliser la souris, avec le clavier uniquement, des contacteurs ou via un \u00e9cran tactile.<\/li>\n<li>Consulter les vid\u00e9os et les contenus audio \u00e0 l\u2019aide de sous-titres et\/ou de transcriptions.<\/li>\n<li>Etc.<\/li>\n<\/ul>\n<h2>Engagements d\u2019accessibilit\u00e9 num\u00e9rique<\/h2>\n<p>L\u2019initiative BEE SECURE s\u2019engage \u00e0 rendre le site internet de la BEE SECURE Stopline accessible, conform\u00e9ment \u00e0 la\u00a0<a href=\"https:\/\/legilux.public.lu\/eli\/etat\/leg\/loi\/2019\/05\/28\/a373\/jo\">loi du 28 mai 2019<\/a>\u00a0relative \u00e0 l\u2019accessibilit\u00e9 des sites internet et des applications mobiles des organismes du secteur public.<\/p>\n<h2>D\u00e9claration d\u2019accessibilit\u00e9<\/h2>\n<p>Cette d\u00e9claration d\u2019accessibilit\u00e9 s\u2019applique au site\u00a0\u00ab\u00a0<a href=\"https:\/\/stopline.bee-secure.lu\/%20\">stopline.bee-secure.lu<\/a>\u00a0\u00bb.<\/p>\n<h3>\u00c9tat de conformit\u00e9<\/h3>\n<p>Ce pr\u00e9sent site est en conformit\u00e9 partielle \u00e0 la norme europ\u00e9enne\u00a0<a href=\"https:\/\/www.etsi.org\/deliver\/etsi_en\/301500_301599\/301549\/02.01.02_60\/en_301549v020102p.pdf\">EN 301 549 (document en anglais)<\/a>\u00a0ainsi qu\u2019au\u00a0<a href=\"https:\/\/accessibilite.public.lu\/fr\/rgaa4.1\/\">RGAA<\/a>\u00a0(R\u00e9f\u00e9rentiel G\u00e9n\u00e9ral d\u2019Am\u00e9lioration de l\u2019Accessibilit\u00e9) \u2013 version 4.1 qui l\u2019impl\u00e9mente en raison des non-conformit\u00e9s \u00e9num\u00e9r\u00e9es ci-apr\u00e8s.<\/p>\n<h3>R\u00e9sultats des tests<\/h3>\n<p>L\u2019audit de conformit\u00e9 au RGAA version 4.1 r\u00e9alis\u00e9 en f\u00e9vrier 2023 et juillet 2023 par la soci\u00e9t\u00e9\u00a0<a href=\"https:\/\/ideance.net\/fr\/\">Ideance<\/a>\u00a0r\u00e9v\u00e8le que sur l\u2019\u00e9chantillon\u00a0:<\/p>\n<ul>\n<li>Le taux de conformit\u00e9 global est de 91,2%. (Obtenu en divisant le nombre de crit\u00e8res conformes par le nombre de crit\u00e8res applicables.)<\/li>\n<li>Le taux de conformit\u00e9 moyen est de 96,9%. (Obtenu en faisant la moyenne des taux de conformit\u00e9 de chaque page.)<\/li>\n<\/ul>\n<h3>Contenus non accessibles<\/h3>\n<h4>Non-conformit\u00e9s<\/h4>\n<p>Liste des crit\u00e8res non conformes :<\/p>\n<ul>\n<li>7.5 &#8211; Le message d&rsquo;alerte signalant qu&rsquo;un champ de formulaire est vide pour le formulaire de signalement d&rsquo;un contenu n&rsquo;est pas correctement restitu\u00e9 par les technologies d\u2019assistance.<\/li>\n<li>8.9 &#8211; Une balise d&rsquo;en-t\u00eate vide est pr\u00e9sente sur la page \u00ab\u00a0Notice l\u00e9gale\u00a0\u00bb et certains textes ne sont pas correctement balis\u00e9s en HTML.<\/li>\n<li>9.1 &#8211; Des informations ne sont pas structur\u00e9es par l\u2019utilisation appropri\u00e9e de titres pour l&rsquo;\u00e9tape 4 du formulaire de signalement d&rsquo;un contenu.<\/li>\n<li>9.3 &#8211; Une liste n\u2019est pas correctement structur\u00e9e pour l&rsquo;\u00e9tape 4 du formulaire de signalement d&rsquo;un contenu.<\/li>\n<li>12.8 &#8211; L&rsquo;ordre de tabulation d&rsquo;une \u00e9tape \u00e0 l&rsquo;autre du formulaire de signalement d&rsquo;un contenu n&rsquo;est pas optimal.<\/li>\n<\/ul>\n<h4>Contenus non soumis \u00e0 l\u2019obligation d\u2019accessibilit\u00e9<\/h4>\n<ul>\n<li>La \u00ab\u00a0GovBar\u00a0\u00bb d\u00e9velopp\u00e9 par le Gouvernement du Grand-Duch\u00e9 de Luxembourg.<\/li>\n<li>Le document PDF \u00ab\u00a0Annual Report\u00bb publi\u00e9 par INHOPE.<\/li>\n<li>Le poster \u00ab\u00a0Signaler les contenus ill\u00e9gaux sur Internet de mani\u00e8re anonyme\u00a0\u00bb publi\u00e9 avant le 23 septembre 2018.<\/li>\n<\/ul>\n<p>Ces \u00e9l\u00e9ments ont \u00e9t\u00e9 exempt\u00e9s.<\/p>\n<p>Ils n\u2019ont donc pas fait l\u2019objet d\u2019un audit complet et d\u00e9taill\u00e9.<\/p>\n<p>Il a toutefois \u00e9t\u00e9 v\u00e9rifi\u00e9 que sa pr\u00e9sence n\u2019emp\u00eache pas l\u2019utilisation et la consultation du reste du site.<\/p>\n<h3>\u00c9tablissement de cette d\u00e9claration d\u2019accessibilit\u00e9<\/h3>\n<p>Cette pr\u00e9sente d\u00e9claration a \u00e9t\u00e9 \u00e9tablie le 06\/07\/2023.<\/p>\n<p>\u00c0 la suite d\u2019un audit initial men\u00e9 en f\u00e9vrier 2023 sur l\u2019environnement de production, puis des contre audits men\u00e9s entre f\u00e9vrier 2023 et juillet 2023 sur un environnement de pr\u00e9production.<\/p>\n<h4>Technologies utilis\u00e9es pour la r\u00e9alisation du site<\/h4>\n<ul>\n<li>HTML5<\/li>\n<li>ARIA<\/li>\n<li>CSS<\/li>\n<li>JavaScript<\/li>\n<\/ul>\n<h4>Environnement de test<\/h4>\n<p>Les tests ont \u00e9t\u00e9 effectu\u00e9s avec les combinaisons de navigateur web et lecteur d\u2019\u00e9cran suivantes :<\/p>\n<ul>\n<li>Firefox 108.0.2 et NVDA 2022.4<\/li>\n<li>Firefox 108.0.2 et JAWS 2022<\/li>\n<li>Safari et VoiceOver (macOS 12.6)<\/li>\n<li>Safari et VoiceOver (iOS 16)<\/li>\n<\/ul>\n<h4>Outils pour \u00e9valuer l\u2019accessibilit\u00e9<\/h4>\n<ul>\n<li>Colour Contrast Analyser<\/li>\n<li>Contrast Finder<\/li>\n<li>Outils de d\u00e9veloppement Firefox<\/li>\n<li>Web Developer (extension Firefox)<\/li>\n<\/ul>\n<h4>Pages du site ayant fait l\u2019objet de la v\u00e9rification de conformit\u00e9<\/h4>\n<ul>\n<li><a href=\"https:\/\/stopline.bee-secure.lu\/fr\/\">Accueil<\/a><\/li>\n<li><a href=\"https:\/\/stopline.bee-secure.lu\/fr\/a-propos\/\">\u00c0 propos<\/a><\/li>\n<li><a href=\"https:\/\/stopline.bee-secure.lu\/fr\/notice-legale\/\"> Notice l\u00e9gale<\/a><\/li>\n<li><a href=\"https:\/\/stopline.bee-secure.lu\/fr\/report\/\">Signaler (<span class=\"red-title\">\u00e9tape 1 de 4<\/span>\u00a0)<\/a><\/li>\n<li>Signaler (<span class=\"red-title\">\u00e9tape 2 de 4<\/span>\u00a0)<\/li>\n<li>Signaler (<span class=\"red-title\">\u00e9tape 3 de 4<\/span>\u00a0)<\/li>\n<li>Signaler (<span class=\"red-title\">\u00e9tape 4 de 4<\/span>\u00a0)<\/li>\n<li>Accessibilit\u00e9<\/li>\n<\/ul>\n<h3>Retour d\u2019information et coordonn\u00e9es de contact<\/h3>\n<p>Si vous n\u2019arrivez pas \u00e0 acc\u00e9der \u00e0 un contenu ou \u00e0 un service de ce site, vous pouvez nous contacter via un des moyens ci-dessous en d\u00e9crivant votre probl\u00e8me\u00a0:<\/p>\n<ul>\n<li>\u00c9crivez-nous \u00e0 l\u2019adresse email :\u00a0<a href=\"&#109;&#x61;i&#108;&#x74;o&#x3a;&#x63;&#111;&#x6d;m&#117;&#x6e;i&#99;&#x61;&#116;&#x69;o&#110;&#x40;s&#110;&#x6a;&#46;&#x6c;&#x75;\"><u>&#99;&#x6f;&#109;&#x6d;&#117;&#x6e;&#105;&#x63;&#97;&#x74;&#105;&#x6f;n&#x40;s&#x6e;j&#x2e;l&#x75;<\/u><\/a>.<\/li>\n<li>Appelez-nous au 247-86465.<\/li>\n<\/ul>\n<p>Nous nous engageons \u00e0 vous r\u00e9pondre par mail dans un d\u00e9lai de 1 mois au plus tard.<\/p>\n<p>Pour rem\u00e9dier au probl\u00e8me de mani\u00e8re durable et dans la mesure du raisonnable, la correction en ligne du d\u00e9faut d\u2019accessibilit\u00e9 sera privil\u00e9gi\u00e9e.<\/p>\n<p>Si cela ne peut \u00eatre fait, l\u2019information souhait\u00e9e vous sera transmise dans un format accessible selon vos souhaits :<\/p>\n<ul>\n<li>Par \u00e9crit dans un document ou un email.<\/li>\n<li>\u00c0 l\u2019oral lors d\u2019un entretien ou par t\u00e9l\u00e9phone.<\/li>\n<\/ul>\n<h3>Proc\u00e9dure permettant d\u2019assurer le respect des dispositions<\/h3>\n<p>En cas de r\u00e9ponse non satisfaisante, vous avez \u00e9galement la possibilit\u00e9 d\u2019en informer le\u00a0<a href=\"https:\/\/sip.gouvernement.lu\/\">Service information et presse<\/a>, organisme responsable du contr\u00f4le de l\u2019accessibilit\u00e9, via son\u00a0<a href=\"https:\/\/sip.gouvernement.lu\/fr\/support\/reclamation-accessibilite.html\">formulaire de r\u00e9clamation en ligne<\/a>, ou\u00a0<a href=\"http:\/\/www.ombudsman.lu\/\">l\u2019Ombudsman<\/a>, m\u00e9diateur du Grand-Duch\u00e9 de Luxembourg.[\/vc_column_text][\/vc_column][\/vc_row]\n","protected":false},"excerpt":{"rendered":"<p>[vc_row type=\u00a0\u00bbin_container\u00a0\u00bb full_screen_row_position=\u00a0\u00bbmiddle\u00a0\u00bb column_margin=\u00a0\u00bbdefault\u00a0\u00bb column_direction=\u00a0\u00bbdefault\u00a0\u00bb column_direction_tablet=\u00a0\u00bbdefault\u00a0\u00bb column_direction_phone=\u00a0\u00bbdefault\u00a0\u00bb scene_position=\u00a0\u00bbcenter\u00a0\u00bb text_color=\u00a0\u00bbdark\u00a0\u00bb text_align=\u00a0\u00bbleft\u00a0\u00bb row_border_radius=\u00a0\u00bbnone\u00a0\u00bb row_border_radius_applies=\u00a0\u00bbbg\u00a0\u00bb overflow=\u00a0\u00bbvisible\u00a0\u00bb overlay_strength=\u00a0\u00bb0.3&Prime; gradient_direction=\u00a0\u00bbleft_to_right\u00a0\u00bb shape_divider_position=\u00a0\u00bbbottom\u00a0\u00bb bg_image_animation=\u00a0\u00bbnone\u00a0\u00bb][vc_column column_padding=\u00a0\u00bbno-extra-padding\u00a0\u00bb column_padding_tablet=\u00a0\u00bbinherit\u00a0\u00bb column_padding_phone=\u00a0\u00bbinherit\u00a0\u00bb column_padding_position=\u00a0\u00bball\u00a0\u00bb column_element_direction_desktop=\u00a0\u00bbdefault\u00a0\u00bb column_element_spacing=\u00a0\u00bbdefault\u00a0\u00bb desktop_text_alignment=\u00a0\u00bbdefault\u00a0\u00bb tablet_text_alignment=\u00a0\u00bbdefault\u00a0\u00bb phone_text_alignment=\u00a0\u00bbdefault\u00a0\u00bb background_color_opacity=\u00a0\u00bb1&Prime; background_hover_color_opacity=\u00a0\u00bb1&Prime; column_backdrop_filter=\u00a0\u00bbnone\u00a0\u00bb column_shadow=\u00a0\u00bbnone\u00a0\u00bb&#8230;<\/p>\n","protected":false},"author":1,"featured_media":0,"parent":0,"menu_order":0,"comment_status":"closed","ping_status":"closed","template":"","meta":{"_acf_changed":false,"inline_featured_image":false,"footnotes":""},"class_list":["post-1042","page","type-page","status-publish"],"acf":[],"yoast_head":"<!-- This site is optimized with the Yoast SEO plugin v23.8 - https:\/\/yoast.com\/wordpress\/plugins\/seo\/ -->\n<title>Accessibilit\u00e9 - BEE SECURE Stopline<\/title>\n<meta name=\"robots\" content=\"index, follow, max-snippet:-1, max-image-preview:large, max-video-preview:-1\" \/>\n<link rel=\"canonical\" href=\"https:\/\/stopline.snj-dev.lu\/accessibility\/\" \/>\n<meta property=\"og:locale\" content=\"fr_FR\" \/>\n<meta property=\"og:type\" content=\"article\" \/>\n<meta property=\"og:title\" content=\"Accessibilit\u00e9 - BEE SECURE Stopline\" \/>\n<meta property=\"og:description\" content=\"[vc_row type=\u00a0\u00bbin_container\u00a0\u00bb full_screen_row_position=\u00a0\u00bbmiddle\u00a0\u00bb column_margin=\u00a0\u00bbdefault\u00a0\u00bb column_direction=\u00a0\u00bbdefault\u00a0\u00bb column_direction_tablet=\u00a0\u00bbdefault\u00a0\u00bb column_direction_phone=\u00a0\u00bbdefault\u00a0\u00bb scene_position=\u00a0\u00bbcenter\u00a0\u00bb text_color=\u00a0\u00bbdark\u00a0\u00bb text_align=\u00a0\u00bbleft\u00a0\u00bb row_border_radius=\u00a0\u00bbnone\u00a0\u00bb row_border_radius_applies=\u00a0\u00bbbg\u00a0\u00bb overflow=\u00a0\u00bbvisible\u00a0\u00bb overlay_strength=\u00a0\u00bb0.3&Prime; gradient_direction=\u00a0\u00bbleft_to_right\u00a0\u00bb shape_divider_position=\u00a0\u00bbbottom\u00a0\u00bb bg_image_animation=\u00a0\u00bbnone\u00a0\u00bb][vc_column column_padding=\u00a0\u00bbno-extra-padding\u00a0\u00bb column_padding_tablet=\u00a0\u00bbinherit\u00a0\u00bb column_padding_phone=\u00a0\u00bbinherit\u00a0\u00bb column_padding_position=\u00a0\u00bball\u00a0\u00bb column_element_direction_desktop=\u00a0\u00bbdefault\u00a0\u00bb column_element_spacing=\u00a0\u00bbdefault\u00a0\u00bb desktop_text_alignment=\u00a0\u00bbdefault\u00a0\u00bb tablet_text_alignment=\u00a0\u00bbdefault\u00a0\u00bb phone_text_alignment=\u00a0\u00bbdefault\u00a0\u00bb background_color_opacity=\u00a0\u00bb1&Prime; background_hover_color_opacity=\u00a0\u00bb1&Prime; column_backdrop_filter=\u00a0\u00bbnone\u00a0\u00bb column_shadow=\u00a0\u00bbnone\u00a0\u00bb...\" \/>\n<meta property=\"og:url\" content=\"https:\/\/stopline.snj-dev.lu\/accessibility\/\" \/>\n<meta property=\"og:site_name\" content=\"BEE SECURE Stopline\" \/>\n<meta property=\"article:modified_time\" content=\"2023-09-12T11:29:23+00:00\" \/>\n<meta name=\"twitter:card\" content=\"summary_large_image\" \/>\n<meta name=\"twitter:label1\" content=\"Dur\u00e9e de lecture estim\u00e9e\" \/>\n\t<meta name=\"twitter:data1\" content=\"5 minutes\" \/>\n<script type=\"application\/ld+json\" class=\"yoast-schema-graph\">{\"@context\":\"https:\/\/schema.org\",\"@graph\":[{\"@type\":\"WebPage\",\"@id\":\"https:\/\/stopline.snj-dev.lu\/accessibility\/\",\"url\":\"https:\/\/stopline.snj-dev.lu\/accessibility\/\",\"name\":\"Accessibilit\u00e9 - BEE SECURE Stopline\",\"isPartOf\":{\"@id\":\"https:\/\/stopline.snj-dev.lu\/#website\"},\"datePublished\":\"2023-08-14T13:55:51+00:00\",\"dateModified\":\"2023-09-12T11:29:23+00:00\",\"breadcrumb\":{\"@id\":\"https:\/\/stopline.snj-dev.lu\/accessibility\/#breadcrumb\"},\"inLanguage\":\"fr-FR\",\"potentialAction\":[{\"@type\":\"ReadAction\",\"target\":[\"https:\/\/stopline.snj-dev.lu\/accessibility\/\"]}]},{\"@type\":\"BreadcrumbList\",\"@id\":\"https:\/\/stopline.snj-dev.lu\/accessibility\/#breadcrumb\",\"itemListElement\":[{\"@type\":\"ListItem\",\"position\":1,\"name\":\"Home\",\"item\":\"https:\/\/stopline.snj-dev.lu\/\"},{\"@type\":\"ListItem\",\"position\":2,\"name\":\"Accessibilit\u00e9\"}]},{\"@type\":\"WebSite\",\"@id\":\"https:\/\/stopline.snj-dev.lu\/#website\",\"url\":\"https:\/\/stopline.snj-dev.lu\/\",\"name\":\"BEE SECURE Stopline\",\"description\":\"\",\"publisher\":{\"@id\":\"https:\/\/stopline.snj-dev.lu\/#organization\"},\"potentialAction\":[{\"@type\":\"SearchAction\",\"target\":{\"@type\":\"EntryPoint\",\"urlTemplate\":\"https:\/\/stopline.snj-dev.lu\/?s={search_term_string}\"},\"query-input\":{\"@type\":\"PropertyValueSpecification\",\"valueRequired\":true,\"valueName\":\"search_term_string\"}}],\"inLanguage\":\"fr-FR\"},{\"@type\":\"Organization\",\"@id\":\"https:\/\/stopline.snj-dev.lu\/#organization\",\"name\":\"BEE SECURE Stopline\",\"url\":\"https:\/\/stopline.snj-dev.lu\/\",\"logo\":{\"@type\":\"ImageObject\",\"inLanguage\":\"fr-FR\",\"@id\":\"https:\/\/stopline.snj-dev.lu\/#\/schema\/logo\/image\/\",\"url\":\"https:\/\/stopline.bee-secure.lu\/wp-content\/uploads\/2022\/04\/bs_logo.svg\",\"contentUrl\":\"https:\/\/stopline.bee-secure.lu\/wp-content\/uploads\/2022\/04\/bs_logo.svg\",\"width\":\"1024\",\"height\":\"1024\",\"caption\":\"BEE SECURE Stopline\"},\"image\":{\"@id\":\"https:\/\/stopline.snj-dev.lu\/#\/schema\/logo\/image\/\"}}]}<\/script>\n<!-- \/ Yoast SEO plugin. -->","yoast_head_json":{"title":"Accessibilit\u00e9 - BEE SECURE Stopline","robots":{"index":"index","follow":"follow","max-snippet":"max-snippet:-1","max-image-preview":"max-image-preview:large","max-video-preview":"max-video-preview:-1"},"canonical":"https:\/\/stopline.snj-dev.lu\/accessibility\/","og_locale":"fr_FR","og_type":"article","og_title":"Accessibilit\u00e9 - BEE SECURE Stopline","og_description":"[vc_row type=\u00a0\u00bbin_container\u00a0\u00bb full_screen_row_position=\u00a0\u00bbmiddle\u00a0\u00bb column_margin=\u00a0\u00bbdefault\u00a0\u00bb column_direction=\u00a0\u00bbdefault\u00a0\u00bb column_direction_tablet=\u00a0\u00bbdefault\u00a0\u00bb column_direction_phone=\u00a0\u00bbdefault\u00a0\u00bb scene_position=\u00a0\u00bbcenter\u00a0\u00bb text_color=\u00a0\u00bbdark\u00a0\u00bb text_align=\u00a0\u00bbleft\u00a0\u00bb row_border_radius=\u00a0\u00bbnone\u00a0\u00bb row_border_radius_applies=\u00a0\u00bbbg\u00a0\u00bb overflow=\u00a0\u00bbvisible\u00a0\u00bb overlay_strength=\u00a0\u00bb0.3&Prime; gradient_direction=\u00a0\u00bbleft_to_right\u00a0\u00bb shape_divider_position=\u00a0\u00bbbottom\u00a0\u00bb bg_image_animation=\u00a0\u00bbnone\u00a0\u00bb][vc_column column_padding=\u00a0\u00bbno-extra-padding\u00a0\u00bb column_padding_tablet=\u00a0\u00bbinherit\u00a0\u00bb column_padding_phone=\u00a0\u00bbinherit\u00a0\u00bb column_padding_position=\u00a0\u00bball\u00a0\u00bb column_element_direction_desktop=\u00a0\u00bbdefault\u00a0\u00bb column_element_spacing=\u00a0\u00bbdefault\u00a0\u00bb desktop_text_alignment=\u00a0\u00bbdefault\u00a0\u00bb tablet_text_alignment=\u00a0\u00bbdefault\u00a0\u00bb phone_text_alignment=\u00a0\u00bbdefault\u00a0\u00bb background_color_opacity=\u00a0\u00bb1&Prime; background_hover_color_opacity=\u00a0\u00bb1&Prime; column_backdrop_filter=\u00a0\u00bbnone\u00a0\u00bb column_shadow=\u00a0\u00bbnone\u00a0\u00bb...","og_url":"https:\/\/stopline.snj-dev.lu\/accessibility\/","og_site_name":"BEE SECURE Stopline","article_modified_time":"2023-09-12T11:29:23+00:00","twitter_card":"summary_large_image","twitter_misc":{"Dur\u00e9e de lecture estim\u00e9e":"5 minutes"},"schema":{"@context":"https:\/\/schema.org","@graph":[{"@type":"WebPage","@id":"https:\/\/stopline.snj-dev.lu\/accessibility\/","url":"https:\/\/stopline.snj-dev.lu\/accessibility\/","name":"Accessibilit\u00e9 - BEE SECURE Stopline","isPartOf":{"@id":"https:\/\/stopline.snj-dev.lu\/#website"},"datePublished":"2023-08-14T13:55:51+00:00","dateModified":"2023-09-12T11:29:23+00:00","breadcrumb":{"@id":"https:\/\/stopline.snj-dev.lu\/accessibility\/#breadcrumb"},"inLanguage":"fr-FR","potentialAction":[{"@type":"ReadAction","target":["https:\/\/stopline.snj-dev.lu\/accessibility\/"]}]},{"@type":"BreadcrumbList","@id":"https:\/\/stopline.snj-dev.lu\/accessibility\/#breadcrumb","itemListElement":[{"@type":"ListItem","position":1,"name":"Home","item":"https:\/\/stopline.snj-dev.lu\/"},{"@type":"ListItem","position":2,"name":"Accessibilit\u00e9"}]},{"@type":"WebSite","@id":"https:\/\/stopline.snj-dev.lu\/#website","url":"https:\/\/stopline.snj-dev.lu\/","name":"BEE SECURE Stopline","description":"","publisher":{"@id":"https:\/\/stopline.snj-dev.lu\/#organization"},"potentialAction":[{"@type":"SearchAction","target":{"@type":"EntryPoint","urlTemplate":"https:\/\/stopline.snj-dev.lu\/?s={search_term_string}"},"query-input":{"@type":"PropertyValueSpecification","valueRequired":true,"valueName":"search_term_string"}}],"inLanguage":"fr-FR"},{"@type":"Organization","@id":"https:\/\/stopline.snj-dev.lu\/#organization","name":"BEE SECURE Stopline","url":"https:\/\/stopline.snj-dev.lu\/","logo":{"@type":"ImageObject","inLanguage":"fr-FR","@id":"https:\/\/stopline.snj-dev.lu\/#\/schema\/logo\/image\/","url":"https:\/\/stopline.bee-secure.lu\/wp-content\/uploads\/2022\/04\/bs_logo.svg","contentUrl":"https:\/\/stopline.bee-secure.lu\/wp-content\/uploads\/2022\/04\/bs_logo.svg","width":"1024","height":"1024","caption":"BEE SECURE Stopline"},"image":{"@id":"https:\/\/stopline.snj-dev.lu\/#\/schema\/logo\/image\/"}}]}},"_links":{"self":[{"href":"https:\/\/stopline.snj-dev.lu\/fr\/wp-json\/wp\/v2\/pages\/1042","targetHints":{"allow":["GET"]}}],"collection":[{"href":"https:\/\/stopline.snj-dev.lu\/fr\/wp-json\/wp\/v2\/pages"}],"about":[{"href":"https:\/\/stopline.snj-dev.lu\/fr\/wp-json\/wp\/v2\/types\/page"}],"author":[{"embeddable":true,"href":"https:\/\/stopline.snj-dev.lu\/fr\/wp-json\/wp\/v2\/users\/1"}],"replies":[{"embeddable":true,"href":"https:\/\/stopline.snj-dev.lu\/fr\/wp-json\/wp\/v2\/comments?post=1042"}],"version-history":[{"count":14,"href":"https:\/\/stopline.snj-dev.lu\/fr\/wp-json\/wp\/v2\/pages\/1042\/revisions"}],"predecessor-version":[{"id":1073,"href":"https:\/\/stopline.snj-dev.lu\/fr\/wp-json\/wp\/v2\/pages\/1042\/revisions\/1073"}],"wp:attachment":[{"href":"https:\/\/stopline.snj-dev.lu\/fr\/wp-json\/wp\/v2\/media?parent=1042"}],"curies":[{"name":"wp","href":"https:\/\/api.w.org\/{rel}","templated":true}]}}