{"id":722,"date":"2022-04-29T13:26:30","date_gmt":"2022-04-29T13:26:30","guid":{"rendered":"https:\/\/stopline.modesk.io\/impressum\/"},"modified":"2022-09-06T15:54:24","modified_gmt":"2022-09-06T15:54:24","slug":"impressum","status":"publish","type":"page","link":"https:\/\/stopline.snj-dev.lu\/de\/impressum\/","title":{"rendered":"Impressum"},"content":{"rendered":"[vc_row type=&#8220;in_container&#8220; full_screen_row_position=&#8220;middle&#8220; column_margin=&#8220;default&#8220; column_direction=&#8220;default&#8220; column_direction_tablet=&#8220;default&#8220; column_direction_phone=&#8220;default&#8220; scene_position=&#8220;center&#8220; top_padding=&#8220;3%&#8220; bottom_padding=&#8220;5%&#8220; text_color=&#8220;dark&#8220; text_align=&#8220;left&#8220; row_border_radius=&#8220;none&#8220; row_border_radius_applies=&#8220;bg&#8220; overlay_strength=&#8220;0.3&#8243; gradient_direction=&#8220;left_to_right&#8220; shape_divider_position=&#8220;bottom&#8220; bg_image_animation=&#8220;none&#8220; shape_type=&#8220;&#8220;][vc_column column_padding=&#8220;no-extra-padding&#8220; column_padding_tablet=&#8220;inherit&#8220; column_padding_phone=&#8220;inherit&#8220; column_padding_position=&#8220;all&#8220; column_element_spacing=&#8220;default&#8220; background_color_opacity=&#8220;1&#8243; background_hover_color_opacity=&#8220;1&#8243; column_shadow=&#8220;none&#8220; column_border_radius=&#8220;none&#8220; column_link_target=&#8220;_self&#8220; gradient_direction=&#8220;left_to_right&#8220; overlay_strength=&#8220;0.3&#8243; width=&#8220;1\/1&#8243; tablet_width_inherit=&#8220;default&#8220; tablet_text_alignment=&#8220;default&#8220; phone_text_alignment=&#8220;default&#8220; bg_image_animation=&#8220;none&#8220; border_type=&#8220;simple&#8220; column_border_width=&#8220;none&#8220; column_border_style=&#8220;solid&#8220;][vc_column_text]\n<div id=\"block-stopline-page-title\" class=\"block block-core block-page-title-block\">\n<div class=\"content\">\n<h1 class=\"js-quickedit-page-title title page-title\"><span class=\"field field--name-title field--type-string field--label-hidden\">Impressum<\/span><\/h1>\n<\/div>\n<\/div>\n<article class=\"node node--type-page node--view-mode-full clearfix\" role=\"article\" data-history-node-id=\"34\">\n<header><\/header>\n<div class=\"node__content clearfix\">\n<div class=\"clearfix text-formatted field field--name-body field--type-text-with-summary field--label-hidden field__item\">\n<p>&nbsp;<\/p>\n<h2>Schutz der Privatsph\u00e4re<\/h2>\n<p>Ihre pers\u00f6nlichen Daten werden nur registriert, um es uns zu erm\u00f6glichen, Ihre Anfragen bearbeiten zu k\u00f6nnen. Es wird niemals f\u00fcr kommerzielle Zwecke verwendet. Gem\u00e4\u00df dem Gesetz vom 2. August 2002 zum Schutz von Personen bei der Verarbeitung personenbezogener Daten haben Sie das Recht auf Zugriff und \u00c4nderung dieser Daten. Bitte wenden Sie sich hierf\u00fcr an die BEE SECURE Stopline.<\/p>\n<h2>Haftungsausschluss<\/h2>\n<p>Die Website der BEE SECURE Stopline enth\u00e4lt Links zu anderen Websites, die nicht vom Kanner-Jugendtelefon kontrolliert werden. Das Kanner-Jugendtelefon kann daher nicht f\u00fcr Inhalte und Dienste verantwortlich gemacht werden, die auf diesen Websites angeboten werden.<br \/>\n\u00dcber diese Website m\u00f6chten die BEE SECURE Stopline und ihre Partner Sie \u00fcber den sicheren Einsatz neuer Informations- und Kommunikationstechnologien informieren. Diese Informationen m\u00fcssen nicht vollst\u00e4ndig, aktuell oder genau sein. Es wird selbstverst\u00e4ndlich darauf geachtet, dass die Informationen so korrekt und aktuell wie m\u00f6glich sind. Bitte nutzen Sie das Kontaktformular, um uns \u00fcber etwaige Fehler oder Auslassungen auf der Website zu informieren.<br \/>\nBEE SECURE ist der einzige Verantwortliche f\u00fcr Inhalte und Artikel, die im Rahmen des Projekts erstellt und auf dieser Website ver\u00f6ffentlicht werden. Die Inhalte auf dieser Website verpflichten die Europ\u00e4ische Kommission nicht, so dass die Inhalte auf dieser Website nicht die Ansichten der Europ\u00e4ischen Kommission widerspiegeln und die Europ\u00e4ische Kommission nicht f\u00fcr die Verwendung der Informationen auf dieser Website verantwortlich gemacht werden kann.<br \/>\nEbenso k\u00f6nnen Partner der BEE SECURE Stopline nicht f\u00fcr Sch\u00e4den haftbar gemacht werden, die durch die Verwendung von Informationen auf dieser Website verursacht werden, selbst wenn diese Informationen unklar, falsch oder veraltet sind. Dies gilt auch f\u00fcr Informationen auf Websiten, die mit dieser Website verlinkt sind.<\/p>\n<h2>Urheberrechte<\/h2>\n<p>Die Verwendung des Inhalts in seiner urspr\u00fcnglichen Form und zu nichtkommerziellen Zwecken ist gestattet, sofern die Quelle eindeutig angegeben wird.<br \/>\nSofern nicht ausdr\u00fccklich erw\u00e4hnt, wird der gesamte Inhalt dieser Website mit Ausnahme der Marke BEE SECURE unter der Creative Commons BY-ND-NC 3.0 Luxembourg lizenziert.<br \/>\nDie Marke BEE SECURE bleibt Eigentum ihrer Inhaber und alle Rechte vorbehalten.<br \/>\nBei allen Fragen zum Urheberrecht wenden Sie sich bitte an uns.<\/p>\n<h2>Herausgeber der Seite<\/h2>\n<p>Diese Website wird vom Konsortialpartner der Initiative BEE SECURE herausgegeben: das KJT (Kanner-Jugendtelefon) und der Service National de la Jeunesse.<br \/>\nBEE SECURE ist eine Initiative der Regierung des Gro\u00dfherzogtums Luxemburg, die von der Europ\u00e4ischen Union co-finanziert wird.<br \/>\nBei allen Fragen zur Website und deren Inhalten oder zur Kontaktaufnahme mit dem Partner wenden Sie sich bitte an das Kontaktformular.<br \/>\nDie Website wird vom SNJ gehostet.<\/p>\n<\/div>\n<\/div>\n<\/article>\n[\/vc_column_text][\/vc_column][\/vc_row]\n","protected":false},"excerpt":{"rendered":"<p>[vc_row type=&#8220;in_container&#8220; full_screen_row_position=&#8220;middle&#8220; column_margin=&#8220;default&#8220; column_direction=&#8220;default&#8220; column_direction_tablet=&#8220;default&#8220; column_direction_phone=&#8220;default&#8220; scene_position=&#8220;center&#8220; top_padding=&#8220;3%&#8220; bottom_padding=&#8220;5%&#8220; text_color=&#8220;dark&#8220; text_align=&#8220;left&#8220; row_border_radius=&#8220;none&#8220; row_border_radius_applies=&#8220;bg&#8220; overlay_strength=&#8220;0.3&#8243; gradient_direction=&#8220;left_to_right&#8220; shape_divider_position=&#8220;bottom&#8220; bg_image_animation=&#8220;none&#8220; shape_type=&#8220;&#8220;][vc_column column_padding=&#8220;no-extra-padding&#8220; column_padding_tablet=&#8220;inherit&#8220; column_padding_phone=&#8220;inherit&#8220; column_padding_position=&#8220;all&#8220; column_element_spacing=&#8220;default&#8220; background_color_opacity=&#8220;1&#8243; background_hover_color_opacity=&#8220;1&#8243; column_shadow=&#8220;none&#8220; column_border_radius=&#8220;none&#8220; column_link_target=&#8220;_self&#8220; gradient_direction=&#8220;left_to_right&#8220;&#8230;<\/p>\n","protected":false},"author":1,"featured_media":0,"parent":0,"menu_order":0,"comment_status":"closed","ping_status":"closed","template":"","meta":{"_acf_changed":false,"inline_featured_image":false,"footnotes":""},"class_list":["post-722","page","type-page","status-publish"],"acf":[],"yoast_head":"<!-- This site is optimized with the Yoast SEO plugin v23.8 - https:\/\/yoast.com\/wordpress\/plugins\/seo\/ -->\n<title>Impressum - BEE SECURE Stopline<\/title>\n<meta name=\"robots\" content=\"index, follow, max-snippet:-1, max-image-preview:large, max-video-preview:-1\" \/>\n<link rel=\"canonical\" href=\"https:\/\/stopline.snj-dev.lu\/legal-notice\/\" \/>\n<meta property=\"og:locale\" content=\"de_DE\" \/>\n<meta property=\"og:type\" content=\"article\" \/>\n<meta property=\"og:title\" content=\"Impressum - BEE SECURE Stopline\" \/>\n<meta property=\"og:description\" content=\"[vc_row type=&#8220;in_container&#8220; full_screen_row_position=&#8220;middle&#8220; column_margin=&#8220;default&#8220; column_direction=&#8220;default&#8220; column_direction_tablet=&#8220;default&#8220; column_direction_phone=&#8220;default&#8220; scene_position=&#8220;center&#8220; top_padding=&#8220;3%&#8220; bottom_padding=&#8220;5%&#8220; text_color=&#8220;dark&#8220; text_align=&#8220;left&#8220; row_border_radius=&#8220;none&#8220; row_border_radius_applies=&#8220;bg&#8220; overlay_strength=&#8220;0.3&#8243; gradient_direction=&#8220;left_to_right&#8220; shape_divider_position=&#8220;bottom&#8220; bg_image_animation=&#8220;none&#8220; shape_type=&#8220;&#8220;][vc_column column_padding=&#8220;no-extra-padding&#8220; column_padding_tablet=&#8220;inherit&#8220; column_padding_phone=&#8220;inherit&#8220; column_padding_position=&#8220;all&#8220; column_element_spacing=&#8220;default&#8220; background_color_opacity=&#8220;1&#8243; background_hover_color_opacity=&#8220;1&#8243; column_shadow=&#8220;none&#8220; column_border_radius=&#8220;none&#8220; column_link_target=&#8220;_self&#8220; gradient_direction=&#8220;left_to_right&#8220;...\" \/>\n<meta property=\"og:url\" content=\"https:\/\/stopline.snj-dev.lu\/legal-notice\/\" \/>\n<meta property=\"og:site_name\" content=\"BEE SECURE Stopline\" \/>\n<meta property=\"article:modified_time\" content=\"2022-09-06T15:54:24+00:00\" \/>\n<meta name=\"twitter:card\" content=\"summary_large_image\" \/>\n<meta name=\"twitter:label1\" content=\"Gesch\u00e4tzte Lesezeit\" \/>\n\t<meta name=\"twitter:data1\" content=\"3\u00a0Minuten\" \/>\n<script type=\"application\/ld+json\" class=\"yoast-schema-graph\">{\"@context\":\"https:\/\/schema.org\",\"@graph\":[{\"@type\":\"WebPage\",\"@id\":\"https:\/\/stopline.snj-dev.lu\/legal-notice\/\",\"url\":\"https:\/\/stopline.snj-dev.lu\/legal-notice\/\",\"name\":\"Impressum - BEE SECURE Stopline\",\"isPartOf\":{\"@id\":\"https:\/\/stopline.snj-dev.lu\/#website\"},\"datePublished\":\"2022-04-29T13:26:30+00:00\",\"dateModified\":\"2022-09-06T15:54:24+00:00\",\"breadcrumb\":{\"@id\":\"https:\/\/stopline.snj-dev.lu\/legal-notice\/#breadcrumb\"},\"inLanguage\":\"de\",\"potentialAction\":[{\"@type\":\"ReadAction\",\"target\":[\"https:\/\/stopline.snj-dev.lu\/legal-notice\/\"]}]},{\"@type\":\"BreadcrumbList\",\"@id\":\"https:\/\/stopline.snj-dev.lu\/legal-notice\/#breadcrumb\",\"itemListElement\":[{\"@type\":\"ListItem\",\"position\":1,\"name\":\"Home\",\"item\":\"https:\/\/stopline.snj-dev.lu\/\"},{\"@type\":\"ListItem\",\"position\":2,\"name\":\"Impressum\"}]},{\"@type\":\"WebSite\",\"@id\":\"https:\/\/stopline.snj-dev.lu\/#website\",\"url\":\"https:\/\/stopline.snj-dev.lu\/\",\"name\":\"BEE SECURE Stopline\",\"description\":\"\",\"publisher\":{\"@id\":\"https:\/\/stopline.snj-dev.lu\/#organization\"},\"potentialAction\":[{\"@type\":\"SearchAction\",\"target\":{\"@type\":\"EntryPoint\",\"urlTemplate\":\"https:\/\/stopline.snj-dev.lu\/?s={search_term_string}\"},\"query-input\":{\"@type\":\"PropertyValueSpecification\",\"valueRequired\":true,\"valueName\":\"search_term_string\"}}],\"inLanguage\":\"de\"},{\"@type\":\"Organization\",\"@id\":\"https:\/\/stopline.snj-dev.lu\/#organization\",\"name\":\"BEE SECURE Stopline\",\"url\":\"https:\/\/stopline.snj-dev.lu\/\",\"logo\":{\"@type\":\"ImageObject\",\"inLanguage\":\"de\",\"@id\":\"https:\/\/stopline.snj-dev.lu\/#\/schema\/logo\/image\/\",\"url\":\"https:\/\/stopline.bee-secure.lu\/wp-content\/uploads\/2022\/04\/bs_logo.svg\",\"contentUrl\":\"https:\/\/stopline.bee-secure.lu\/wp-content\/uploads\/2022\/04\/bs_logo.svg\",\"width\":\"1024\",\"height\":\"1024\",\"caption\":\"BEE SECURE Stopline\"},\"image\":{\"@id\":\"https:\/\/stopline.snj-dev.lu\/#\/schema\/logo\/image\/\"}}]}<\/script>\n<!-- \/ Yoast SEO plugin. -->","yoast_head_json":{"title":"Impressum - BEE SECURE Stopline","robots":{"index":"index","follow":"follow","max-snippet":"max-snippet:-1","max-image-preview":"max-image-preview:large","max-video-preview":"max-video-preview:-1"},"canonical":"https:\/\/stopline.snj-dev.lu\/legal-notice\/","og_locale":"de_DE","og_type":"article","og_title":"Impressum - BEE SECURE Stopline","og_description":"[vc_row type=&#8220;in_container&#8220; full_screen_row_position=&#8220;middle&#8220; column_margin=&#8220;default&#8220; column_direction=&#8220;default&#8220; column_direction_tablet=&#8220;default&#8220; column_direction_phone=&#8220;default&#8220; scene_position=&#8220;center&#8220; top_padding=&#8220;3%&#8220; bottom_padding=&#8220;5%&#8220; text_color=&#8220;dark&#8220; text_align=&#8220;left&#8220; row_border_radius=&#8220;none&#8220; row_border_radius_applies=&#8220;bg&#8220; overlay_strength=&#8220;0.3&#8243; gradient_direction=&#8220;left_to_right&#8220; shape_divider_position=&#8220;bottom&#8220; bg_image_animation=&#8220;none&#8220; shape_type=&#8220;&#8220;][vc_column column_padding=&#8220;no-extra-padding&#8220; column_padding_tablet=&#8220;inherit&#8220; column_padding_phone=&#8220;inherit&#8220; column_padding_position=&#8220;all&#8220; column_element_spacing=&#8220;default&#8220; background_color_opacity=&#8220;1&#8243; background_hover_color_opacity=&#8220;1&#8243; column_shadow=&#8220;none&#8220; column_border_radius=&#8220;none&#8220; column_link_target=&#8220;_self&#8220; gradient_direction=&#8220;left_to_right&#8220;...","og_url":"https:\/\/stopline.snj-dev.lu\/legal-notice\/","og_site_name":"BEE SECURE Stopline","article_modified_time":"2022-09-06T15:54:24+00:00","twitter_card":"summary_large_image","twitter_misc":{"Gesch\u00e4tzte Lesezeit":"3\u00a0Minuten"},"schema":{"@context":"https:\/\/schema.org","@graph":[{"@type":"WebPage","@id":"https:\/\/stopline.snj-dev.lu\/legal-notice\/","url":"https:\/\/stopline.snj-dev.lu\/legal-notice\/","name":"Impressum - BEE SECURE Stopline","isPartOf":{"@id":"https:\/\/stopline.snj-dev.lu\/#website"},"datePublished":"2022-04-29T13:26:30+00:00","dateModified":"2022-09-06T15:54:24+00:00","breadcrumb":{"@id":"https:\/\/stopline.snj-dev.lu\/legal-notice\/#breadcrumb"},"inLanguage":"de","potentialAction":[{"@type":"ReadAction","target":["https:\/\/stopline.snj-dev.lu\/legal-notice\/"]}]},{"@type":"BreadcrumbList","@id":"https:\/\/stopline.snj-dev.lu\/legal-notice\/#breadcrumb","itemListElement":[{"@type":"ListItem","position":1,"name":"Home","item":"https:\/\/stopline.snj-dev.lu\/"},{"@type":"ListItem","position":2,"name":"Impressum"}]},{"@type":"WebSite","@id":"https:\/\/stopline.snj-dev.lu\/#website","url":"https:\/\/stopline.snj-dev.lu\/","name":"BEE SECURE Stopline","description":"","publisher":{"@id":"https:\/\/stopline.snj-dev.lu\/#organization"},"potentialAction":[{"@type":"SearchAction","target":{"@type":"EntryPoint","urlTemplate":"https:\/\/stopline.snj-dev.lu\/?s={search_term_string}"},"query-input":{"@type":"PropertyValueSpecification","valueRequired":true,"valueName":"search_term_string"}}],"inLanguage":"de"},{"@type":"Organization","@id":"https:\/\/stopline.snj-dev.lu\/#organization","name":"BEE SECURE Stopline","url":"https:\/\/stopline.snj-dev.lu\/","logo":{"@type":"ImageObject","inLanguage":"de","@id":"https:\/\/stopline.snj-dev.lu\/#\/schema\/logo\/image\/","url":"https:\/\/stopline.bee-secure.lu\/wp-content\/uploads\/2022\/04\/bs_logo.svg","contentUrl":"https:\/\/stopline.bee-secure.lu\/wp-content\/uploads\/2022\/04\/bs_logo.svg","width":"1024","height":"1024","caption":"BEE SECURE Stopline"},"image":{"@id":"https:\/\/stopline.snj-dev.lu\/#\/schema\/logo\/image\/"}}]}},"_links":{"self":[{"href":"https:\/\/stopline.snj-dev.lu\/de\/wp-json\/wp\/v2\/pages\/722","targetHints":{"allow":["GET"]}}],"collection":[{"href":"https:\/\/stopline.snj-dev.lu\/de\/wp-json\/wp\/v2\/pages"}],"about":[{"href":"https:\/\/stopline.snj-dev.lu\/de\/wp-json\/wp\/v2\/types\/page"}],"author":[{"embeddable":true,"href":"https:\/\/stopline.snj-dev.lu\/de\/wp-json\/wp\/v2\/users\/1"}],"replies":[{"embeddable":true,"href":"https:\/\/stopline.snj-dev.lu\/de\/wp-json\/wp\/v2\/comments?post=722"}],"version-history":[{"count":2,"href":"https:\/\/stopline.snj-dev.lu\/de\/wp-json\/wp\/v2\/pages\/722\/revisions"}],"predecessor-version":[{"id":724,"href":"https:\/\/stopline.snj-dev.lu\/de\/wp-json\/wp\/v2\/pages\/722\/revisions\/724"}],"wp:attachment":[{"href":"https:\/\/stopline.snj-dev.lu\/de\/wp-json\/wp\/v2\/media?parent=722"}],"curies":[{"name":"wp","href":"https:\/\/api.w.org\/{rel}","templated":true}]}}