{"id":704,"date":"2022-04-08T07:14:24","date_gmt":"2022-04-08T07:14:24","guid":{"rendered":"https:\/\/stopline.modesk.io\/ueber-uns\/"},"modified":"2023-09-08T09:46:16","modified_gmt":"2023-09-08T09:46:16","slug":"ueber-uns","status":"publish","type":"page","link":"https:\/\/stopline.snj-dev.lu\/de\/ueber-uns\/","title":{"rendered":"\u00dcber uns"},"content":{"rendered":"[vc_row type=&#8220;in_container&#8220; full_screen_row_position=&#8220;middle&#8220; column_margin=&#8220;default&#8220; column_direction=&#8220;default&#8220; column_direction_tablet=&#8220;default&#8220; column_direction_phone=&#8220;default&#8220; scene_position=&#8220;center&#8220; top_padding=&#8220;3%&#8220; bottom_padding=&#8220;5%&#8220; text_color=&#8220;dark&#8220; text_align=&#8220;left&#8220; row_border_radius=&#8220;none&#8220; row_border_radius_applies=&#8220;bg&#8220; overflow=&#8220;visible&#8220; class=&#8220;links-extra&#8220; overlay_strength=&#8220;0.3&#8243; gradient_direction=&#8220;left_to_right&#8220; shape_divider_position=&#8220;bottom&#8220; bg_image_animation=&#8220;none&#8220; shape_type=&#8220;&#8220; gradient_type=&#8220;default&#8220;][vc_column column_padding=&#8220;no-extra-padding&#8220; column_padding_tablet=&#8220;inherit&#8220; column_padding_phone=&#8220;inherit&#8220; column_padding_position=&#8220;all&#8220; column_element_direction_desktop=&#8220;default&#8220; column_element_spacing=&#8220;default&#8220; desktop_text_alignment=&#8220;default&#8220; tablet_text_alignment=&#8220;default&#8220; phone_text_alignment=&#8220;default&#8220; background_color_opacity=&#8220;1&#8243; background_hover_color_opacity=&#8220;1&#8243; column_backdrop_filter=&#8220;none&#8220; column_shadow=&#8220;none&#8220; column_border_radius=&#8220;none&#8220; column_link_target=&#8220;_self&#8220; column_position=&#8220;default&#8220; gradient_direction=&#8220;left_to_right&#8220; overlay_strength=&#8220;0.3&#8243; width=&#8220;1\/1&#8243; tablet_width_inherit=&#8220;default&#8220; animation_type=&#8220;default&#8220; bg_image_animation=&#8220;none&#8220; border_type=&#8220;simple&#8220; column_border_width=&#8220;none&#8220; column_border_style=&#8220;solid&#8220;][vc_column_text]\n<div id=\"block-stopline-page-title\" class=\"block block-core block-page-title-block\">\n<div class=\"content\">\n<div id=\"block-stopline-page-title\" class=\"block block-core block-page-title-block\">\n<div class=\"content\">\n<h1 class=\"js-quickedit-page-title title page-title\"><span class=\"field field--name-title field--type-string field--label-hidden\">\u00dcber BEE SECURE STOPLINE<\/span><\/h1>\n<\/div>\n<\/div>\n<article class=\"node node--type-page node--view-mode-full clearfix\" role=\"article\" data-history-node-id=\"6\">\n<div class=\"node__content clearfix\">\n<div class=\"clearfix text-formatted field field--name-body field--type-text-with-summary field--label-hidden field__item\">\n<h2>BEE SECURE Stopline<\/h2>\n<p>Die BEE SECURE STOPLINE erlaubt der breiten \u00d6ffentlichkeit die M\u00f6glichkeit anonym und vertraulich m\u00f6gliche illegale Inhalte im Internet zu melden. Diese Meldungen werden in Zusammenarbeit mit den zust\u00e4ndigen Stellen sowohl auf nationaler als auch auf internationaler Ebene bearbeitet. Mittels dieser Internetseite bietet die BEE SECURE Stopline die M\u00f6glichkeit jedem Internetnutzer Zivilcourage zu zeigen indem sie oder er m\u00f6gliche illegale Inhalte im \u00f6ffentlichen Raum Internet meldet.<br \/>\nDie BEE SECURE Stopline wird im Rahmen der Initiative BEE SECURE vom Kanner-Jugendtelefon betrieben.<br \/>\nBEE SECURE ist eine gemeinsame Initiative des luxemburgischen Ministeriums f\u00fcr Wirtschaft, des Ministeriums f\u00fcr Familie, Integration und die Gro\u00dfregion und des Ministeriums f\u00fcr Bildung, Kinder und Jugend. Die Initiative BEE SECURE b\u00fcndelt\u00a0 s\u00e4mtliche gemeinsamen Aktionen dreier Partner: Service National de la Jeunesse, Kanner-Jugendtelefon und securitymadein.lu im Bereich der Sensibilisierung f\u00fcr eine sichere Benutzung der Informations- und Kommunikationstechnologien.<br \/>\nBEE SECURE ist zudem ein von der Europ\u00e4ischen Kommission unterst\u00fctztes\u00a0<a href=\"https:\/\/ec.europa.eu\/digital-single-market\/en\/connecting-europe-facility\" target=\"_blank\" rel=\"noopener\">Projekt im Rahmen von \u201eConnecting Europe Facility\u201c<\/a>.<br \/>\nIn diesem Kontext gibt es in ganz Europa \u00e4hnliche Strukturen wie BEE SECURE, mit Helplines und Hotlines zum Melden von illegalen Inhalten.<br \/>\nAll diese Projekte sind Teil von Koordinationsnetzwerken: Insafe f\u00fcr die Sensibilisierungsprojekte und das Netzwerk INHOPE \u2013 International Association of Internet Hotlines f\u00fcr die Hotlines zum Melden von illegalen Inhalten.<\/p>\n<h2>Zusammenarbeit mit der Polizei<\/h2>\n<p>Im Kader der Bearbeitung von Meldungen m\u00f6glicher illegaler Inhalte besteht ein \u00dcbereinkommen zwischen dem Kanner-Jugendtelefon als Betreiber der BEE SECURE Stopline, dem Service National de la Jeunesse als Koordinator der Initiative BEE SECURE und der Polizei. Die BEE SECURE Stopline funktioniert als Zwischenstation und als Experte f\u00fcr die Entgegennahme, Analyse und Weiterleitung der Meldungen an die zust\u00e4ndigen Stellen bei der Polizei.<br \/>\nDieses \u00dcbereinkommen bezieht sich ausschlie\u00dflich auf die Weiterleitung von Informationen hinsichtlich der gemeldeten illegalen Inhalte.<\/p>\n<h2 lang=\"en\">INHOPE \u2013 International Association of Internet Hotlines<\/h2>\n<p>INHOPE \u2013 International Association of Internet Hotlines ist die internationale Vereinigung der Internethotlines zur Bek\u00e4mpfung illegaler Inhalte im Internet. Die Mission von INHOPE besteht in der Unterst\u00fctzung und Verbesserung der Aktivit\u00e4ten der Hotlines, um die internationalen Anstrengungen im Kampf gegen Darstellungen von sexuellem Missbrauch an Minderj\u00e4hrigen unter Einbezug aller Partner zu verst\u00e4rken.<br \/>\nAls Mitglied von INHOPE verpflichtet sich die BEE SECURE Stopline\u00a0<a href=\"https:\/\/inhope.org\/media\/pages\/our-story\/governance\/930859442-1597755946\/inhope_codeofpractice_18.08.2020.pdf?utm_source=Members&amp;utm_medium=link&amp;utm_campaign=INHOPE%20COP\" target=\"_blank\" rel=\"noopener\">die Verfahrensregeln von INHOPE einzuhalten<\/a>. Hier findet\u00a0<a href=\"https:\/\/www.inhope.org\/EN\" target=\"_blank\" rel=\"noopener\">man weiter Informationen zu INHOPE und eine vollst\u00e4ndige Liste aller Mitglieder<\/a>.<br \/>\n<a href=\"http:\/\/www.inhopefoundation.org\/\" target=\"_blank\" rel=\"noopener\">INHOPE Foundation ist eine Wohlt\u00e4tigkeitsorganisation und wurde 2010 gegr\u00fcndet. Ihr Ziel besteht darin den Aufbau von neuen Hotlines zu unterst\u00fctzen, besonders in unterentwickelten L\u00e4ndern, wo Darstellungen vom sexuellen Missbrauch an Minderj\u00e4hrigen beworben, produziert und verbreitet werden<\/a>.<br \/>\nDie Mitgliedschaft bei INHOPE erlaubt es der BEE SECURE Stopline Meldungen \u00fcber Darstellungen von sexuellem Missbrauch an Minderj\u00e4hrigen direkt an eine Partnerhotline weiterzuleiten, falls diese Inhalte in diesem Land gehostet sind. So werden diese Meldungen an die zust\u00e4ndigen Stellen im jeweiligen Land weitergeleitet.<\/p>\n<h2>Kontaktinformationen<\/h2>\n<\/div>\n<\/div>\n<\/article>\n<\/div>\n<\/div>\n<article class=\"node node--type-page node--view-mode-full clearfix\" role=\"article\" data-history-node-id=\"6\">\n<div class=\"node__content clearfix\">\n<div class=\"clearfix text-formatted field field--name-body field--type-text-with-summary field--label-hidden field__item\">\n<p>KJT<br \/>\nBP 35<br \/>\nL-5801 Hesperange<br \/>\nLuxembourg<\/p>\n<\/div>\n<\/div>\n<\/article>\n[\/vc_column_text][divider line_type=&#8220;Full Width Line&#8220; line_thickness=&#8220;1&#8243; divider_color=&#8220;default&#8220;][vc_row_inner column_margin=&#8220;default&#8220; column_direction=&#8220;default&#8220; column_direction_tablet=&#8220;default&#8220; column_direction_phone=&#8220;default&#8220; top_padding=&#8220;25&#8243; text_align=&#8220;left&#8220; row_position=&#8220;default&#8220; row_position_tablet=&#8220;inherit&#8220; row_position_phone=&#8220;inherit&#8220; overflow=&#8220;visible&#8220; pointer_events=&#8220;all&#8220;][vc_column_inner column_padding=&#8220;no-extra-padding&#8220; column_padding_tablet=&#8220;inherit&#8220; column_padding_phone=&#8220;inherit&#8220; column_padding_position=&#8220;all&#8220; column_element_direction_desktop=&#8220;default&#8220; column_element_spacing=&#8220;default&#8220; desktop_text_alignment=&#8220;default&#8220; tablet_text_alignment=&#8220;default&#8220; phone_text_alignment=&#8220;default&#8220; background_color_opacity=&#8220;1&#8243; background_hover_color_opacity=&#8220;1&#8243; column_backdrop_filter=&#8220;none&#8220; column_shadow=&#8220;none&#8220; column_border_radius=&#8220;none&#8220; column_link_target=&#8220;_self&#8220; overflow=&#8220;visible&#8220; gradient_direction=&#8220;left_to_right&#8220; overlay_strength=&#8220;0.3&#8243; width=&#8220;1\/6&#8243; tablet_width_inherit=&#8220;default&#8220; animation_type=&#8220;default&#8220; bg_image_animation=&#8220;none&#8220; border_type=&#8220;simple&#8220; column_border_width=&#8220;none&#8220; column_border_style=&#8220;solid&#8220;][image_with_animation image_url=&#8220;535&#8243; image_size=&#8220;full&#8220; animation_type=&#8220;entrance&#8220; animation=&#8220;Fade In&#8220; animation_easing=&#8220;default&#8220; animation_movement_type=&#8220;transform_y&#8220; hover_animation=&#8220;none&#8220; alignment=&#8220;&#8220; border_radius=&#8220;none&#8220; box_shadow=&#8220;none&#8220; image_loading=&#8220;default&#8220; max_width=&#8220;custom&#8220; max_width_custom=&#8220;120&#8243;][\/vc_column_inner][vc_column_inner column_padding=&#8220;no-extra-padding&#8220; column_padding_tablet=&#8220;inherit&#8220; column_padding_phone=&#8220;inherit&#8220; column_padding_position=&#8220;all&#8220; column_element_direction_desktop=&#8220;default&#8220; column_element_spacing=&#8220;default&#8220; desktop_text_alignment=&#8220;default&#8220; tablet_text_alignment=&#8220;default&#8220; phone_text_alignment=&#8220;default&#8220; background_color_opacity=&#8220;1&#8243; background_hover_color_opacity=&#8220;1&#8243; column_backdrop_filter=&#8220;none&#8220; column_shadow=&#8220;none&#8220; column_border_radius=&#8220;none&#8220; column_link_target=&#8220;_self&#8220; overflow=&#8220;visible&#8220; gradient_direction=&#8220;left_to_right&#8220; overlay_strength=&#8220;0.3&#8243; width=&#8220;1\/6&#8243; tablet_width_inherit=&#8220;default&#8220; animation_type=&#8220;default&#8220; bg_image_animation=&#8220;none&#8220; border_type=&#8220;simple&#8220; column_border_width=&#8220;none&#8220; column_border_style=&#8220;solid&#8220;][image_with_animation image_url=&#8220;542&#8243; image_size=&#8220;full&#8220; animation_type=&#8220;entrance&#8220; animation=&#8220;Fade In&#8220; animation_easing=&#8220;default&#8220; animation_movement_type=&#8220;transform_y&#8220; hover_animation=&#8220;none&#8220; alignment=&#8220;&#8220; border_radius=&#8220;none&#8220; box_shadow=&#8220;none&#8220; image_loading=&#8220;default&#8220; max_width=&#8220;custom&#8220; max_width_custom=&#8220;190&#8243;][\/vc_column_inner][vc_column_inner column_padding=&#8220;no-extra-padding&#8220; column_padding_tablet=&#8220;inherit&#8220; column_padding_phone=&#8220;inherit&#8220; column_padding_position=&#8220;all&#8220; column_element_direction_desktop=&#8220;default&#8220; column_element_spacing=&#8220;default&#8220; desktop_text_alignment=&#8220;default&#8220; tablet_text_alignment=&#8220;default&#8220; phone_text_alignment=&#8220;default&#8220; background_color_opacity=&#8220;1&#8243; background_hover_color_opacity=&#8220;1&#8243; column_backdrop_filter=&#8220;none&#8220; column_shadow=&#8220;none&#8220; column_border_radius=&#8220;none&#8220; column_link_target=&#8220;_self&#8220; overflow=&#8220;visible&#8220; gradient_direction=&#8220;left_to_right&#8220; overlay_strength=&#8220;0.3&#8243; width=&#8220;1\/6&#8243; tablet_width_inherit=&#8220;default&#8220; animation_type=&#8220;default&#8220; bg_image_animation=&#8220;none&#8220; border_type=&#8220;simple&#8220; column_border_width=&#8220;none&#8220; column_border_style=&#8220;solid&#8220;][\/vc_column_inner][vc_column_inner column_padding=&#8220;no-extra-padding&#8220; column_padding_tablet=&#8220;inherit&#8220; column_padding_phone=&#8220;inherit&#8220; column_padding_position=&#8220;all&#8220; column_element_direction_desktop=&#8220;default&#8220; column_element_spacing=&#8220;default&#8220; desktop_text_alignment=&#8220;default&#8220; tablet_text_alignment=&#8220;default&#8220; phone_text_alignment=&#8220;default&#8220; background_color_opacity=&#8220;1&#8243; background_hover_color_opacity=&#8220;1&#8243; column_backdrop_filter=&#8220;none&#8220; column_shadow=&#8220;none&#8220; column_border_radius=&#8220;none&#8220; column_link_target=&#8220;_self&#8220; overflow=&#8220;visible&#8220; gradient_direction=&#8220;left_to_right&#8220; overlay_strength=&#8220;0.3&#8243; width=&#8220;1\/6&#8243; tablet_width_inherit=&#8220;default&#8220; animation_type=&#8220;default&#8220; bg_image_animation=&#8220;none&#8220; border_type=&#8220;simple&#8220; column_border_width=&#8220;none&#8220; column_border_style=&#8220;solid&#8220;][\/vc_column_inner][vc_column_inner column_padding=&#8220;no-extra-padding&#8220; column_padding_tablet=&#8220;inherit&#8220; column_padding_phone=&#8220;inherit&#8220; column_padding_position=&#8220;all&#8220; column_element_direction_desktop=&#8220;default&#8220; column_element_spacing=&#8220;default&#8220; desktop_text_alignment=&#8220;default&#8220; tablet_text_alignment=&#8220;default&#8220; phone_text_alignment=&#8220;default&#8220; background_color_opacity=&#8220;1&#8243; background_hover_color_opacity=&#8220;1&#8243; column_backdrop_filter=&#8220;none&#8220; column_shadow=&#8220;none&#8220; column_border_radius=&#8220;none&#8220; column_link_target=&#8220;_self&#8220; overflow=&#8220;visible&#8220; gradient_direction=&#8220;left_to_right&#8220; overlay_strength=&#8220;0.3&#8243; width=&#8220;1\/6&#8243; tablet_width_inherit=&#8220;default&#8220; animation_type=&#8220;default&#8220; bg_image_animation=&#8220;none&#8220; border_type=&#8220;simple&#8220; column_border_width=&#8220;none&#8220; column_border_style=&#8220;solid&#8220;][\/vc_column_inner][vc_column_inner column_padding=&#8220;no-extra-padding&#8220; column_padding_tablet=&#8220;inherit&#8220; column_padding_phone=&#8220;inherit&#8220; column_padding_position=&#8220;all&#8220; column_element_direction_desktop=&#8220;default&#8220; column_element_spacing=&#8220;default&#8220; desktop_text_alignment=&#8220;default&#8220; tablet_text_alignment=&#8220;default&#8220; phone_text_alignment=&#8220;default&#8220; background_color_opacity=&#8220;1&#8243; background_hover_color_opacity=&#8220;1&#8243; column_backdrop_filter=&#8220;none&#8220; column_shadow=&#8220;none&#8220; column_border_radius=&#8220;none&#8220; column_link_target=&#8220;_self&#8220; overflow=&#8220;visible&#8220; gradient_direction=&#8220;left_to_right&#8220; overlay_strength=&#8220;0.3&#8243; width=&#8220;1\/6&#8243; tablet_width_inherit=&#8220;default&#8220; animation_type=&#8220;default&#8220; bg_image_animation=&#8220;none&#8220; border_type=&#8220;simple&#8220; column_border_width=&#8220;none&#8220; column_border_style=&#8220;solid&#8220;][\/vc_column_inner][\/vc_row_inner][\/vc_column][\/vc_row]\n","protected":false},"excerpt":{"rendered":"<p>[vc_row type=&#8220;in_container&#8220; full_screen_row_position=&#8220;middle&#8220; column_margin=&#8220;default&#8220; column_direction=&#8220;default&#8220; column_direction_tablet=&#8220;default&#8220; column_direction_phone=&#8220;default&#8220; scene_position=&#8220;center&#8220; top_padding=&#8220;3%&#8220; bottom_padding=&#8220;5%&#8220; text_color=&#8220;dark&#8220; text_align=&#8220;left&#8220; row_border_radius=&#8220;none&#8220; row_border_radius_applies=&#8220;bg&#8220; overflow=&#8220;visible&#8220; class=&#8220;links-extra&#8220; overlay_strength=&#8220;0.3&#8243; gradient_direction=&#8220;left_to_right&#8220; shape_divider_position=&#8220;bottom&#8220; bg_image_animation=&#8220;none&#8220; shape_type=&#8220;&#8220; gradient_type=&#8220;default&#8220;][vc_column column_padding=&#8220;no-extra-padding&#8220; column_padding_tablet=&#8220;inherit&#8220; column_padding_phone=&#8220;inherit&#8220; column_padding_position=&#8220;all&#8220; column_element_direction_desktop=&#8220;default&#8220; column_element_spacing=&#8220;default&#8220; desktop_text_alignment=&#8220;default&#8220; tablet_text_alignment=&#8220;default&#8220;&#8230;<\/p>\n","protected":false},"author":1,"featured_media":0,"parent":0,"menu_order":0,"comment_status":"closed","ping_status":"closed","template":"","meta":{"_acf_changed":false,"inline_featured_image":false,"footnotes":""},"class_list":["post-704","page","type-page","status-publish"],"acf":[],"yoast_head":"<!-- This site is optimized with the Yoast SEO plugin v23.8 - https:\/\/yoast.com\/wordpress\/plugins\/seo\/ -->\n<title>\u00dcber uns - BEE SECURE Stopline<\/title>\n<meta name=\"robots\" content=\"index, follow, max-snippet:-1, max-image-preview:large, max-video-preview:-1\" \/>\n<link rel=\"canonical\" href=\"https:\/\/stopline.snj-dev.lu\/about-us\/\" \/>\n<meta property=\"og:locale\" content=\"de_DE\" \/>\n<meta property=\"og:type\" content=\"article\" \/>\n<meta property=\"og:title\" content=\"\u00dcber uns - BEE SECURE Stopline\" \/>\n<meta property=\"og:description\" content=\"[vc_row type=&#8220;in_container&#8220; full_screen_row_position=&#8220;middle&#8220; column_margin=&#8220;default&#8220; column_direction=&#8220;default&#8220; column_direction_tablet=&#8220;default&#8220; column_direction_phone=&#8220;default&#8220; scene_position=&#8220;center&#8220; top_padding=&#8220;3%&#8220; bottom_padding=&#8220;5%&#8220; text_color=&#8220;dark&#8220; text_align=&#8220;left&#8220; row_border_radius=&#8220;none&#8220; row_border_radius_applies=&#8220;bg&#8220; overflow=&#8220;visible&#8220; class=&#8220;links-extra&#8220; overlay_strength=&#8220;0.3&#8243; gradient_direction=&#8220;left_to_right&#8220; shape_divider_position=&#8220;bottom&#8220; bg_image_animation=&#8220;none&#8220; shape_type=&#8220;&#8220; gradient_type=&#8220;default&#8220;][vc_column column_padding=&#8220;no-extra-padding&#8220; column_padding_tablet=&#8220;inherit&#8220; column_padding_phone=&#8220;inherit&#8220; column_padding_position=&#8220;all&#8220; column_element_direction_desktop=&#8220;default&#8220; column_element_spacing=&#8220;default&#8220; desktop_text_alignment=&#8220;default&#8220; tablet_text_alignment=&#8220;default&#8220;...\" \/>\n<meta property=\"og:url\" content=\"https:\/\/stopline.snj-dev.lu\/about-us\/\" \/>\n<meta property=\"og:site_name\" content=\"BEE SECURE Stopline\" \/>\n<meta property=\"article:modified_time\" content=\"2023-09-08T09:46:16+00:00\" \/>\n<meta name=\"twitter:card\" content=\"summary_large_image\" \/>\n<meta name=\"twitter:label1\" content=\"Gesch\u00e4tzte Lesezeit\" \/>\n\t<meta name=\"twitter:data1\" content=\"7\u00a0Minuten\" \/>\n<script type=\"application\/ld+json\" class=\"yoast-schema-graph\">{\"@context\":\"https:\/\/schema.org\",\"@graph\":[{\"@type\":\"WebPage\",\"@id\":\"https:\/\/stopline.snj-dev.lu\/about-us\/\",\"url\":\"https:\/\/stopline.snj-dev.lu\/about-us\/\",\"name\":\"\u00dcber uns - BEE SECURE Stopline\",\"isPartOf\":{\"@id\":\"https:\/\/stopline.snj-dev.lu\/#website\"},\"datePublished\":\"2022-04-08T07:14:24+00:00\",\"dateModified\":\"2023-09-08T09:46:16+00:00\",\"breadcrumb\":{\"@id\":\"https:\/\/stopline.snj-dev.lu\/about-us\/#breadcrumb\"},\"inLanguage\":\"de\",\"potentialAction\":[{\"@type\":\"ReadAction\",\"target\":[\"https:\/\/stopline.snj-dev.lu\/about-us\/\"]}]},{\"@type\":\"BreadcrumbList\",\"@id\":\"https:\/\/stopline.snj-dev.lu\/about-us\/#breadcrumb\",\"itemListElement\":[{\"@type\":\"ListItem\",\"position\":1,\"name\":\"Home\",\"item\":\"https:\/\/stopline.snj-dev.lu\/\"},{\"@type\":\"ListItem\",\"position\":2,\"name\":\"\u00dcber uns\"}]},{\"@type\":\"WebSite\",\"@id\":\"https:\/\/stopline.snj-dev.lu\/#website\",\"url\":\"https:\/\/stopline.snj-dev.lu\/\",\"name\":\"BEE SECURE Stopline\",\"description\":\"\",\"publisher\":{\"@id\":\"https:\/\/stopline.snj-dev.lu\/#organization\"},\"potentialAction\":[{\"@type\":\"SearchAction\",\"target\":{\"@type\":\"EntryPoint\",\"urlTemplate\":\"https:\/\/stopline.snj-dev.lu\/?s={search_term_string}\"},\"query-input\":{\"@type\":\"PropertyValueSpecification\",\"valueRequired\":true,\"valueName\":\"search_term_string\"}}],\"inLanguage\":\"de\"},{\"@type\":\"Organization\",\"@id\":\"https:\/\/stopline.snj-dev.lu\/#organization\",\"name\":\"BEE SECURE Stopline\",\"url\":\"https:\/\/stopline.snj-dev.lu\/\",\"logo\":{\"@type\":\"ImageObject\",\"inLanguage\":\"de\",\"@id\":\"https:\/\/stopline.snj-dev.lu\/#\/schema\/logo\/image\/\",\"url\":\"https:\/\/stopline.bee-secure.lu\/wp-content\/uploads\/2022\/04\/bs_logo.svg\",\"contentUrl\":\"https:\/\/stopline.bee-secure.lu\/wp-content\/uploads\/2022\/04\/bs_logo.svg\",\"width\":\"1024\",\"height\":\"1024\",\"caption\":\"BEE SECURE Stopline\"},\"image\":{\"@id\":\"https:\/\/stopline.snj-dev.lu\/#\/schema\/logo\/image\/\"}}]}<\/script>\n<!-- \/ Yoast SEO plugin. -->","yoast_head_json":{"title":"\u00dcber uns - BEE SECURE Stopline","robots":{"index":"index","follow":"follow","max-snippet":"max-snippet:-1","max-image-preview":"max-image-preview:large","max-video-preview":"max-video-preview:-1"},"canonical":"https:\/\/stopline.snj-dev.lu\/about-us\/","og_locale":"de_DE","og_type":"article","og_title":"\u00dcber uns - BEE SECURE Stopline","og_description":"[vc_row type=&#8220;in_container&#8220; full_screen_row_position=&#8220;middle&#8220; column_margin=&#8220;default&#8220; column_direction=&#8220;default&#8220; column_direction_tablet=&#8220;default&#8220; column_direction_phone=&#8220;default&#8220; scene_position=&#8220;center&#8220; top_padding=&#8220;3%&#8220; bottom_padding=&#8220;5%&#8220; text_color=&#8220;dark&#8220; text_align=&#8220;left&#8220; row_border_radius=&#8220;none&#8220; row_border_radius_applies=&#8220;bg&#8220; overflow=&#8220;visible&#8220; class=&#8220;links-extra&#8220; overlay_strength=&#8220;0.3&#8243; gradient_direction=&#8220;left_to_right&#8220; shape_divider_position=&#8220;bottom&#8220; bg_image_animation=&#8220;none&#8220; shape_type=&#8220;&#8220; gradient_type=&#8220;default&#8220;][vc_column column_padding=&#8220;no-extra-padding&#8220; column_padding_tablet=&#8220;inherit&#8220; column_padding_phone=&#8220;inherit&#8220; column_padding_position=&#8220;all&#8220; column_element_direction_desktop=&#8220;default&#8220; column_element_spacing=&#8220;default&#8220; desktop_text_alignment=&#8220;default&#8220; tablet_text_alignment=&#8220;default&#8220;...","og_url":"https:\/\/stopline.snj-dev.lu\/about-us\/","og_site_name":"BEE SECURE Stopline","article_modified_time":"2023-09-08T09:46:16+00:00","twitter_card":"summary_large_image","twitter_misc":{"Gesch\u00e4tzte Lesezeit":"7\u00a0Minuten"},"schema":{"@context":"https:\/\/schema.org","@graph":[{"@type":"WebPage","@id":"https:\/\/stopline.snj-dev.lu\/about-us\/","url":"https:\/\/stopline.snj-dev.lu\/about-us\/","name":"\u00dcber uns - BEE SECURE Stopline","isPartOf":{"@id":"https:\/\/stopline.snj-dev.lu\/#website"},"datePublished":"2022-04-08T07:14:24+00:00","dateModified":"2023-09-08T09:46:16+00:00","breadcrumb":{"@id":"https:\/\/stopline.snj-dev.lu\/about-us\/#breadcrumb"},"inLanguage":"de","potentialAction":[{"@type":"ReadAction","target":["https:\/\/stopline.snj-dev.lu\/about-us\/"]}]},{"@type":"BreadcrumbList","@id":"https:\/\/stopline.snj-dev.lu\/about-us\/#breadcrumb","itemListElement":[{"@type":"ListItem","position":1,"name":"Home","item":"https:\/\/stopline.snj-dev.lu\/"},{"@type":"ListItem","position":2,"name":"\u00dcber uns"}]},{"@type":"WebSite","@id":"https:\/\/stopline.snj-dev.lu\/#website","url":"https:\/\/stopline.snj-dev.lu\/","name":"BEE SECURE Stopline","description":"","publisher":{"@id":"https:\/\/stopline.snj-dev.lu\/#organization"},"potentialAction":[{"@type":"SearchAction","target":{"@type":"EntryPoint","urlTemplate":"https:\/\/stopline.snj-dev.lu\/?s={search_term_string}"},"query-input":{"@type":"PropertyValueSpecification","valueRequired":true,"valueName":"search_term_string"}}],"inLanguage":"de"},{"@type":"Organization","@id":"https:\/\/stopline.snj-dev.lu\/#organization","name":"BEE SECURE Stopline","url":"https:\/\/stopline.snj-dev.lu\/","logo":{"@type":"ImageObject","inLanguage":"de","@id":"https:\/\/stopline.snj-dev.lu\/#\/schema\/logo\/image\/","url":"https:\/\/stopline.bee-secure.lu\/wp-content\/uploads\/2022\/04\/bs_logo.svg","contentUrl":"https:\/\/stopline.bee-secure.lu\/wp-content\/uploads\/2022\/04\/bs_logo.svg","width":"1024","height":"1024","caption":"BEE SECURE Stopline"},"image":{"@id":"https:\/\/stopline.snj-dev.lu\/#\/schema\/logo\/image\/"}}]}},"_links":{"self":[{"href":"https:\/\/stopline.snj-dev.lu\/de\/wp-json\/wp\/v2\/pages\/704","targetHints":{"allow":["GET"]}}],"collection":[{"href":"https:\/\/stopline.snj-dev.lu\/de\/wp-json\/wp\/v2\/pages"}],"about":[{"href":"https:\/\/stopline.snj-dev.lu\/de\/wp-json\/wp\/v2\/types\/page"}],"author":[{"embeddable":true,"href":"https:\/\/stopline.snj-dev.lu\/de\/wp-json\/wp\/v2\/users\/1"}],"replies":[{"embeddable":true,"href":"https:\/\/stopline.snj-dev.lu\/de\/wp-json\/wp\/v2\/comments?post=704"}],"version-history":[{"count":8,"href":"https:\/\/stopline.snj-dev.lu\/de\/wp-json\/wp\/v2\/pages\/704\/revisions"}],"predecessor-version":[{"id":1062,"href":"https:\/\/stopline.snj-dev.lu\/de\/wp-json\/wp\/v2\/pages\/704\/revisions\/1062"}],"wp:attachment":[{"href":"https:\/\/stopline.snj-dev.lu\/de\/wp-json\/wp\/v2\/media?parent=704"}],"curies":[{"name":"wp","href":"https:\/\/api.w.org\/{rel}","templated":true}]}}