{"id":1045,"date":"2023-08-14T13:55:51","date_gmt":"2023-08-14T13:55:51","guid":{"rendered":"https:\/\/stopline.modesk.io\/barrierefreiheit\/"},"modified":"2023-09-12T11:20:42","modified_gmt":"2023-09-12T11:20:42","slug":"barrierefreiheit","status":"publish","type":"page","link":"https:\/\/stopline.snj-dev.lu\/de\/barrierefreiheit\/","title":{"rendered":"Barrierefreiheit"},"content":{"rendered":"[vc_row type=&#8220;in_container&#8220; full_screen_row_position=&#8220;middle&#8220; column_margin=&#8220;default&#8220; column_direction=&#8220;default&#8220; column_direction_tablet=&#8220;default&#8220; column_direction_phone=&#8220;default&#8220; scene_position=&#8220;center&#8220; text_color=&#8220;dark&#8220; text_align=&#8220;left&#8220; row_border_radius=&#8220;none&#8220; row_border_radius_applies=&#8220;bg&#8220; overflow=&#8220;visible&#8220; overlay_strength=&#8220;0.3&#8243; gradient_direction=&#8220;left_to_right&#8220; shape_divider_position=&#8220;bottom&#8220; bg_image_animation=&#8220;none&#8220;][vc_column column_padding=&#8220;no-extra-padding&#8220; column_padding_tablet=&#8220;inherit&#8220; column_padding_phone=&#8220;inherit&#8220; column_padding_position=&#8220;all&#8220; column_element_direction_desktop=&#8220;default&#8220; column_element_spacing=&#8220;default&#8220; desktop_text_alignment=&#8220;default&#8220; tablet_text_alignment=&#8220;default&#8220; phone_text_alignment=&#8220;default&#8220; background_color_opacity=&#8220;1&#8243; background_hover_color_opacity=&#8220;1&#8243; column_backdrop_filter=&#8220;none&#8220; column_shadow=&#8220;none&#8220; column_border_radius=&#8220;none&#8220; column_link_target=&#8220;_self&#8220; column_position=&#8220;default&#8220; gradient_direction=&#8220;left_to_right&#8220; overlay_strength=&#8220;0.3&#8243; width=&#8220;1\/1&#8243; tablet_width_inherit=&#8220;default&#8220; animation_type=&#8220;default&#8220; bg_image_animation=&#8220;none&#8220; border_type=&#8220;simple&#8220; column_border_width=&#8220;none&#8220; column_border_style=&#8220;solid&#8220;][vc_column_text]\n<h1>Barrierefreiheit<\/h1>\n<p>Diese Seite ist keine Hilfeseite.<\/p>\n<p>Sie dient dazu, unsere Verpflichtungen im Bereich Barrierefreiheit darzustellen und anschlie\u00dfend den Grad der Vereinbarkeit dieser Webseite mit den geltenden Vorschriften und Referenzwerken zu definieren.<\/p>\n<h2>Was ist digitale Barrierefreiheit?<\/h2>\n<p>Unter digitaler Barrierefreiheit versteht man eine Reihe von Regeln und bew\u00e4hrten Verfahren, die insbesondere funktionale, grafische, technische und redaktionelle Aspekte abdecken.<\/p>\n<p>Die Einhaltung dieser Regeln und bew\u00e4hrten Verfahren stellt sicher, dass digitale Medien (Webseiten, mobile Anwendungen, PDF-Dokumente usw.) f\u00fcr Menschen mit Behinderungen zug\u00e4nglich sind.<\/p>\n<p>Eine barrierefreie Webseite erm\u00f6glicht es zum Beispiel:<\/p>\n<ul>\n<li>ihre Anzeige \u00fcber das Betriebssystem und\/oder den Browser anzupassen (Vergr\u00f6\u00dferung oder Verkleinerung der Schrift, \u00c4nderung der Typografie, \u00c4nderung der Farben, Anhalten von Animationen usw.),<\/li>\n<li>mithilfe von technischen Hilfen wie Sprachausgabe oder Braillezeile zu navigieren,<\/li>\n<li>ohne Maus, nur mit der Tastatur, mit Schaltern oder \u00fcber einen Touchscreen zu navigieren,<\/li>\n<li>Videos und Audio-Inhalte mithilfe von Untertiteln und\/oder Transkriptionen anzusehen<\/li>\n<li>usw.<\/li>\n<\/ul>\n<h2>Verpflichtungen zur Barrierefreiheit<\/h2>\n<p>Die Initiative BEE SECURE ist bem\u00fcht, die Internetseite der BEE SECURE Stopline im Einklang mit dem\u00a0<a href=\"https:\/\/legilux.public.lu\/eli\/etat\/leg\/loi\/2019\/05\/28\/a373\/jo\">Gesetz vom 28. Mai 2019<\/a>\u00a0\u00fcber den barrierefreien Zugang zu den Websites und mobilen Anwendungen \u00f6ffentlicher Stellen barrierefrei zug\u00e4nglich zu machen.<\/p>\n<h2>Erkl\u00e4rung zur Barrierefreiheit<\/h2>\n<p>Diese Erkl\u00e4rung zur Barrierefreiheit gilt f\u00fcr die Seite\u00a0\u201e<a href=\"https:\/\/stopline.bee-secure.lu\/de\/\">https:\/\/stopline.bee-secure.lu<\/a>\u201c.<\/p>\n<h3>Stand der Vereinbarkeit mit den Anforderungen<\/h3>\n<p>Diese Webseite ist aufgrund der unten aufgef\u00fchrten Unvereinbarkeiten teilweise mit der europ\u00e4ischen Norm\u00a0<a href=\"https:\/\/www.etsi.org\/deliver\/etsi_en\/301500_301599\/301549\/02.01.02_60\/en_301549v020102p.pdf\">EN 301 549 (Dokument in englischer Sprache)<\/a>\u00a0und dem Allgemeinen Referenzwerk zur Verbesserung der Barrierefreiheit im Web (<a href=\"https:\/\/accessibilite.public.lu\/fr\/rgaa4.1\/\">RGAA<\/a>) v4.1, das diese Norm umsetzt, vereinbar.<\/p>\n<h3>Testergebnisse<\/h3>\n<p>Die im Februar und Juli\u00a02023 von\u00a0<a href=\"https:\/\/ideance.net\/en\/\">Ideance<\/a>\u00a0durchgef\u00fchrte Pr\u00fcfung der Vereinbarkeit mit dem RGAA v4.1 hat f\u00fcr die untersuchten Inhalte folgendes Ergebnis ergeben:<\/p>\n<ul>\n<li>Der Grad der Vereinbarkeit liegt insgesamt bei 91,2\u00a0% (Zahl der als vereinbar eingestuften Kriterien geteilt durch die Gesamtkriterienzahl).<\/li>\n<li>Der mittlere Grad der Vereinbarkeit liegt bei 96,9\u00a0% (Durchschnitt der Grade der Vereinbarkeit der einzelnen Unterseiten).<\/li>\n<\/ul>\n<h3>Nicht barrierefreie Inhalte<\/h3>\n<h4>Unvereinbarkeiten<\/h4>\n<p>Liste der als nicht vereinbar eingestuften Kriterien:<\/p>\n<ul>\n<li>7.5 \u2013 Die Warnmeldung, dass ein Feld des Formulars zur Meldung von Inhalten leer ist, wird von den technischen Hilfen nicht korrekt wiedergegeben.<\/li>\n<li>8.9 \u2013 Auf der Seite \u201eImpressum\u201c befindet sich ein leerer Header-Tag und einige Texte sind nicht korrekt in HTML markiert.<\/li>\n<li>9.1 \u2013 Die Informationen sind nicht durch die angemessene Verwendung von \u00dcberschriften f\u00fcr Schritt 4 des Formulars zur Meldung von Inhalten strukturiert.<\/li>\n<li>9.3 \u2013 In Schritt 4 des Formulars zur Meldung von Inhalten ist eine Liste nicht korrekt strukturiert.<\/li>\n<li>12.8 \u2013 Die Aktivierreihenfolge beim \u00dcbergang von einem Schritt des Formulars zur Meldung von Inhalten zum n\u00e4chsten ist nicht optimal.<\/li>\n<\/ul>\n<h4>Inhalte, die nicht unter die Verpflichtung zur Barrierefreiheit fallen<\/h4>\n<ul>\n<li>von der Regierung des Gro\u00dfherzogtums Luxemburg entwickelte \u201eGovBar\u201c<\/li>\n<li>von INHOPE publiziertes PDF-Dokument \u201eAnnual Report\u201c<\/li>\n<li>Poster \u201eSignaler les contenus ill\u00e9gaux sur Internet de mani\u00e8re anonyme\u201c (vor dem 23.\u00a0September 2018 ver\u00f6ffentlicht)<\/li>\n<\/ul>\n<p>Diese Elemente sind ausgenommen.<\/p>\n<p>Sie wurden daher keiner vollst\u00e4ndigen und detaillierten Pr\u00fcfung unterzogen.<\/p>\n<p>Es wurde jedoch sichergestellt, dass ihr Vorhandensein die Nutzung und das Aufrufen der restlichen Seite nicht behindert.<\/p>\n<h3>Erstellung dieser Erkl\u00e4rung zur Barrierefreiheit<\/h3>\n<p>Diese Erkl\u00e4rung wurde am 07.08.2023 erstellt.<\/p>\n<p>Sie beruht auf einer im Februar\u00a02023 in der Produktionsumgebung durchgef\u00fchrten ersten Pr\u00fcfung und zwischen Februar und August\u00a02023 in einer Vorproduktionsumgebung durchgef\u00fchrten Gegenpr\u00fcfungen.<\/p>\n<h4>F\u00fcr die Erstellung der Seite genutzte Technologien<\/h4>\n<ul>\n<li>HTML5<\/li>\n<li>ARIA<\/li>\n<li>CSS<\/li>\n<li>JavaScript<\/li>\n<\/ul>\n<h4>Testumgebung<\/h4>\n<p>Die Tests wurden mit den folgenden Kombinationen von Webbrowser und Screenreader durchgef\u00fchrt:<\/p>\n<ul>\n<li>Firefox 108.0.2 und NVDA 2022.4<\/li>\n<li>Firefox 108.0.2 und JAWS 2022<\/li>\n<li>Safari und VoiceOver (macOS 12.6)<\/li>\n<li>Safari und VoiceOver (iOS 16)<\/li>\n<\/ul>\n<h4>Hilfsmittel zur Bewertung der Barrierefreiheit<\/h4>\n<ul>\n<li>Colour Contrast Analyser<\/li>\n<li>Contrast Finder<\/li>\n<li>Firefox-Entwicklungstools<\/li>\n<li>Web Developer (Firefox-Erweiterung)<\/li>\n<\/ul>\n<h4>Unterseiten, die der Vereinbarkeitspr\u00fcfung unterzogen wurden<\/h4>\n<ul>\n<li><a href=\"https:\/\/stopline.bee-secure.lu\/de\/\">Startseite<\/a><\/li>\n<li><a href=\"https:\/\/stopline.bee-secure.lu\/de\/ueber-uns\/\">\u00dcber uns<\/a><\/li>\n<li><a href=\"https:\/\/stopline.bee-secure.lu\/de\/impressum\/\">Impressum<\/a><\/li>\n<li><a href=\"https:\/\/stopline.bee-secure.lu\/de\/report\/\">Melden (Schritt 1)<\/a><\/li>\n<li>Melden (Schritt 2)<\/li>\n<li>Melden (Schritt 3)<\/li>\n<li>Melden (Schritt 4)<\/li>\n<li>Barrierefreiheit<\/li>\n<\/ul>\n<h3>Feedback und Kontaktangaben<\/h3>\n<p>Wenn Sie Schwierigkeiten haben, auf einen Inhalt oder Dienst dieser Seite zuzugreifen, k\u00f6nnen Sie uns \u00fcber einen der folgenden Wege kontaktieren und uns Ihr Problem schildern:<\/p>\n<ul>\n<li>Schreiben Sie uns eine E-Mail an die Adresse\u00a0<a href=\"&#109;a&#105;l&#116;o&#x3a;c&#x6f;m&#x6d;u&#x6e;i&#x63;a&#x74;i&#x6f;n&#x40;s&#x6e;j&#x2e;&#108;&#x75;\"><u>&#99;&#x6f;&#x6d;m&#117;&#x6e;i&#99;&#x61;&#x74;&#105;&#x6f;&#x6e;&#64;&#115;&#x6e;j&#46;&#x6c;&#x75;<\/u><\/a>.<\/li>\n<li>Rufen Sie uns unter der Nummer 247-86465<\/li>\n<\/ul>\n<p>Wir verpflichten uns, innerhalb eines Monats per E-Mail zu antworten.<\/p>\n<p>Um das Problem dauerhaft zu beheben und so weit wie vern\u00fcnftigerweise m\u00f6glich, wird die Korrektur des Mangels an Barrierefreiheit direkt in der Online-Umgebung bevorzugt.<\/p>\n<p>Sollte dies nicht m\u00f6glich sein, erhalten Sie die gew\u00fcnschte Information in einem barrierefreien Format wahlweise:<\/p>\n<ul>\n<li>schriftlich in einem Dokument oder einer E-Mail,<\/li>\n<li>m\u00fcndlich in einem pers\u00f6nlichen oder telefonischen Gespr\u00e4ch.<\/li>\n<\/ul>\n<h3>Durchsetzungsverfahren<\/h3>\n<p>Im Falle einer nicht zufriedenstellenden Antwort haben Sie ebenfalls die M\u00f6glichkeit, das\u00a0<a href=\"https:\/\/sip.gouvernement.lu\/de.html\">Informations- und Presseamt<\/a>, das f\u00fcr die Kontrolle der Barrierefreiheit zust\u00e4ndig ist, \u00fcber dessen\u00a0<a href=\"https:\/\/sip.gouvernement.lu\/de\/support\/reclamation-accessibilite.html\">Online-Beschwerdeformular<\/a>, oder den\u00a0<a href=\"http:\/\/www.ombudsman.lu\/\">Ombudsman<\/a>, B\u00fcrgerbeauftragte des Gro\u00dfherzogtums Luxemburg, zu informieren.[\/vc_column_text][\/vc_column][\/vc_row]\n","protected":false},"excerpt":{"rendered":"<p>[vc_row type=&#8220;in_container&#8220; full_screen_row_position=&#8220;middle&#8220; column_margin=&#8220;default&#8220; column_direction=&#8220;default&#8220; column_direction_tablet=&#8220;default&#8220; column_direction_phone=&#8220;default&#8220; scene_position=&#8220;center&#8220; text_color=&#8220;dark&#8220; text_align=&#8220;left&#8220; row_border_radius=&#8220;none&#8220; row_border_radius_applies=&#8220;bg&#8220; overflow=&#8220;visible&#8220; overlay_strength=&#8220;0.3&#8243; gradient_direction=&#8220;left_to_right&#8220; shape_divider_position=&#8220;bottom&#8220; bg_image_animation=&#8220;none&#8220;][vc_column column_padding=&#8220;no-extra-padding&#8220; column_padding_tablet=&#8220;inherit&#8220; column_padding_phone=&#8220;inherit&#8220; column_padding_position=&#8220;all&#8220; column_element_direction_desktop=&#8220;default&#8220; column_element_spacing=&#8220;default&#8220; desktop_text_alignment=&#8220;default&#8220; tablet_text_alignment=&#8220;default&#8220; phone_text_alignment=&#8220;default&#8220; background_color_opacity=&#8220;1&#8243; background_hover_color_opacity=&#8220;1&#8243; column_backdrop_filter=&#8220;none&#8220; column_shadow=&#8220;none&#8220;&#8230;<\/p>\n","protected":false},"author":1,"featured_media":0,"parent":0,"menu_order":0,"comment_status":"closed","ping_status":"closed","template":"","meta":{"_acf_changed":false,"inline_featured_image":false,"footnotes":""},"class_list":["post-1045","page","type-page","status-publish"],"acf":[],"yoast_head":"<!-- This site is optimized with the Yoast SEO plugin v23.8 - https:\/\/yoast.com\/wordpress\/plugins\/seo\/ -->\n<title>Barrierefreiheit - BEE SECURE Stopline<\/title>\n<meta name=\"robots\" content=\"index, follow, max-snippet:-1, max-image-preview:large, max-video-preview:-1\" \/>\n<link rel=\"canonical\" href=\"https:\/\/stopline.snj-dev.lu\/accessibility\/\" \/>\n<meta property=\"og:locale\" content=\"de_DE\" \/>\n<meta property=\"og:type\" content=\"article\" \/>\n<meta property=\"og:title\" content=\"Barrierefreiheit - BEE SECURE Stopline\" \/>\n<meta property=\"og:description\" content=\"[vc_row type=&#8220;in_container&#8220; full_screen_row_position=&#8220;middle&#8220; column_margin=&#8220;default&#8220; column_direction=&#8220;default&#8220; column_direction_tablet=&#8220;default&#8220; column_direction_phone=&#8220;default&#8220; scene_position=&#8220;center&#8220; text_color=&#8220;dark&#8220; text_align=&#8220;left&#8220; row_border_radius=&#8220;none&#8220; row_border_radius_applies=&#8220;bg&#8220; overflow=&#8220;visible&#8220; overlay_strength=&#8220;0.3&#8243; gradient_direction=&#8220;left_to_right&#8220; shape_divider_position=&#8220;bottom&#8220; bg_image_animation=&#8220;none&#8220;][vc_column column_padding=&#8220;no-extra-padding&#8220; column_padding_tablet=&#8220;inherit&#8220; column_padding_phone=&#8220;inherit&#8220; column_padding_position=&#8220;all&#8220; column_element_direction_desktop=&#8220;default&#8220; column_element_spacing=&#8220;default&#8220; desktop_text_alignment=&#8220;default&#8220; tablet_text_alignment=&#8220;default&#8220; phone_text_alignment=&#8220;default&#8220; background_color_opacity=&#8220;1&#8243; background_hover_color_opacity=&#8220;1&#8243; column_backdrop_filter=&#8220;none&#8220; column_shadow=&#8220;none&#8220;...\" \/>\n<meta property=\"og:url\" content=\"https:\/\/stopline.snj-dev.lu\/accessibility\/\" \/>\n<meta property=\"og:site_name\" content=\"BEE SECURE Stopline\" \/>\n<meta property=\"article:modified_time\" content=\"2023-09-12T11:20:42+00:00\" \/>\n<meta name=\"twitter:card\" content=\"summary_large_image\" \/>\n<meta name=\"twitter:label1\" content=\"Gesch\u00e4tzte Lesezeit\" \/>\n\t<meta name=\"twitter:data1\" content=\"5\u00a0Minuten\" \/>\n<script type=\"application\/ld+json\" class=\"yoast-schema-graph\">{\"@context\":\"https:\/\/schema.org\",\"@graph\":[{\"@type\":\"WebPage\",\"@id\":\"https:\/\/stopline.snj-dev.lu\/accessibility\/\",\"url\":\"https:\/\/stopline.snj-dev.lu\/accessibility\/\",\"name\":\"Barrierefreiheit - BEE SECURE Stopline\",\"isPartOf\":{\"@id\":\"https:\/\/stopline.snj-dev.lu\/#website\"},\"datePublished\":\"2023-08-14T13:55:51+00:00\",\"dateModified\":\"2023-09-12T11:20:42+00:00\",\"breadcrumb\":{\"@id\":\"https:\/\/stopline.snj-dev.lu\/accessibility\/#breadcrumb\"},\"inLanguage\":\"de\",\"potentialAction\":[{\"@type\":\"ReadAction\",\"target\":[\"https:\/\/stopline.snj-dev.lu\/accessibility\/\"]}]},{\"@type\":\"BreadcrumbList\",\"@id\":\"https:\/\/stopline.snj-dev.lu\/accessibility\/#breadcrumb\",\"itemListElement\":[{\"@type\":\"ListItem\",\"position\":1,\"name\":\"Home\",\"item\":\"https:\/\/stopline.snj-dev.lu\/\"},{\"@type\":\"ListItem\",\"position\":2,\"name\":\"Barrierefreiheit\"}]},{\"@type\":\"WebSite\",\"@id\":\"https:\/\/stopline.snj-dev.lu\/#website\",\"url\":\"https:\/\/stopline.snj-dev.lu\/\",\"name\":\"BEE SECURE Stopline\",\"description\":\"\",\"publisher\":{\"@id\":\"https:\/\/stopline.snj-dev.lu\/#organization\"},\"potentialAction\":[{\"@type\":\"SearchAction\",\"target\":{\"@type\":\"EntryPoint\",\"urlTemplate\":\"https:\/\/stopline.snj-dev.lu\/?s={search_term_string}\"},\"query-input\":{\"@type\":\"PropertyValueSpecification\",\"valueRequired\":true,\"valueName\":\"search_term_string\"}}],\"inLanguage\":\"de\"},{\"@type\":\"Organization\",\"@id\":\"https:\/\/stopline.snj-dev.lu\/#organization\",\"name\":\"BEE SECURE Stopline\",\"url\":\"https:\/\/stopline.snj-dev.lu\/\",\"logo\":{\"@type\":\"ImageObject\",\"inLanguage\":\"de\",\"@id\":\"https:\/\/stopline.snj-dev.lu\/#\/schema\/logo\/image\/\",\"url\":\"https:\/\/stopline.bee-secure.lu\/wp-content\/uploads\/2022\/04\/bs_logo.svg\",\"contentUrl\":\"https:\/\/stopline.bee-secure.lu\/wp-content\/uploads\/2022\/04\/bs_logo.svg\",\"width\":\"1024\",\"height\":\"1024\",\"caption\":\"BEE SECURE Stopline\"},\"image\":{\"@id\":\"https:\/\/stopline.snj-dev.lu\/#\/schema\/logo\/image\/\"}}]}<\/script>\n<!-- \/ Yoast SEO plugin. -->","yoast_head_json":{"title":"Barrierefreiheit - BEE SECURE Stopline","robots":{"index":"index","follow":"follow","max-snippet":"max-snippet:-1","max-image-preview":"max-image-preview:large","max-video-preview":"max-video-preview:-1"},"canonical":"https:\/\/stopline.snj-dev.lu\/accessibility\/","og_locale":"de_DE","og_type":"article","og_title":"Barrierefreiheit - BEE SECURE Stopline","og_description":"[vc_row type=&#8220;in_container&#8220; full_screen_row_position=&#8220;middle&#8220; column_margin=&#8220;default&#8220; column_direction=&#8220;default&#8220; column_direction_tablet=&#8220;default&#8220; column_direction_phone=&#8220;default&#8220; scene_position=&#8220;center&#8220; text_color=&#8220;dark&#8220; text_align=&#8220;left&#8220; row_border_radius=&#8220;none&#8220; row_border_radius_applies=&#8220;bg&#8220; overflow=&#8220;visible&#8220; overlay_strength=&#8220;0.3&#8243; gradient_direction=&#8220;left_to_right&#8220; shape_divider_position=&#8220;bottom&#8220; bg_image_animation=&#8220;none&#8220;][vc_column column_padding=&#8220;no-extra-padding&#8220; column_padding_tablet=&#8220;inherit&#8220; column_padding_phone=&#8220;inherit&#8220; column_padding_position=&#8220;all&#8220; column_element_direction_desktop=&#8220;default&#8220; column_element_spacing=&#8220;default&#8220; desktop_text_alignment=&#8220;default&#8220; tablet_text_alignment=&#8220;default&#8220; phone_text_alignment=&#8220;default&#8220; background_color_opacity=&#8220;1&#8243; background_hover_color_opacity=&#8220;1&#8243; column_backdrop_filter=&#8220;none&#8220; column_shadow=&#8220;none&#8220;...","og_url":"https:\/\/stopline.snj-dev.lu\/accessibility\/","og_site_name":"BEE SECURE Stopline","article_modified_time":"2023-09-12T11:20:42+00:00","twitter_card":"summary_large_image","twitter_misc":{"Gesch\u00e4tzte Lesezeit":"5\u00a0Minuten"},"schema":{"@context":"https:\/\/schema.org","@graph":[{"@type":"WebPage","@id":"https:\/\/stopline.snj-dev.lu\/accessibility\/","url":"https:\/\/stopline.snj-dev.lu\/accessibility\/","name":"Barrierefreiheit - BEE SECURE Stopline","isPartOf":{"@id":"https:\/\/stopline.snj-dev.lu\/#website"},"datePublished":"2023-08-14T13:55:51+00:00","dateModified":"2023-09-12T11:20:42+00:00","breadcrumb":{"@id":"https:\/\/stopline.snj-dev.lu\/accessibility\/#breadcrumb"},"inLanguage":"de","potentialAction":[{"@type":"ReadAction","target":["https:\/\/stopline.snj-dev.lu\/accessibility\/"]}]},{"@type":"BreadcrumbList","@id":"https:\/\/stopline.snj-dev.lu\/accessibility\/#breadcrumb","itemListElement":[{"@type":"ListItem","position":1,"name":"Home","item":"https:\/\/stopline.snj-dev.lu\/"},{"@type":"ListItem","position":2,"name":"Barrierefreiheit"}]},{"@type":"WebSite","@id":"https:\/\/stopline.snj-dev.lu\/#website","url":"https:\/\/stopline.snj-dev.lu\/","name":"BEE SECURE Stopline","description":"","publisher":{"@id":"https:\/\/stopline.snj-dev.lu\/#organization"},"potentialAction":[{"@type":"SearchAction","target":{"@type":"EntryPoint","urlTemplate":"https:\/\/stopline.snj-dev.lu\/?s={search_term_string}"},"query-input":{"@type":"PropertyValueSpecification","valueRequired":true,"valueName":"search_term_string"}}],"inLanguage":"de"},{"@type":"Organization","@id":"https:\/\/stopline.snj-dev.lu\/#organization","name":"BEE SECURE Stopline","url":"https:\/\/stopline.snj-dev.lu\/","logo":{"@type":"ImageObject","inLanguage":"de","@id":"https:\/\/stopline.snj-dev.lu\/#\/schema\/logo\/image\/","url":"https:\/\/stopline.bee-secure.lu\/wp-content\/uploads\/2022\/04\/bs_logo.svg","contentUrl":"https:\/\/stopline.bee-secure.lu\/wp-content\/uploads\/2022\/04\/bs_logo.svg","width":"1024","height":"1024","caption":"BEE SECURE Stopline"},"image":{"@id":"https:\/\/stopline.snj-dev.lu\/#\/schema\/logo\/image\/"}}]}},"_links":{"self":[{"href":"https:\/\/stopline.snj-dev.lu\/de\/wp-json\/wp\/v2\/pages\/1045","targetHints":{"allow":["GET"]}}],"collection":[{"href":"https:\/\/stopline.snj-dev.lu\/de\/wp-json\/wp\/v2\/pages"}],"about":[{"href":"https:\/\/stopline.snj-dev.lu\/de\/wp-json\/wp\/v2\/types\/page"}],"author":[{"embeddable":true,"href":"https:\/\/stopline.snj-dev.lu\/de\/wp-json\/wp\/v2\/users\/1"}],"replies":[{"embeddable":true,"href":"https:\/\/stopline.snj-dev.lu\/de\/wp-json\/wp\/v2\/comments?post=1045"}],"version-history":[{"count":7,"href":"https:\/\/stopline.snj-dev.lu\/de\/wp-json\/wp\/v2\/pages\/1045\/revisions"}],"predecessor-version":[{"id":1071,"href":"https:\/\/stopline.snj-dev.lu\/de\/wp-json\/wp\/v2\/pages\/1045\/revisions\/1071"}],"wp:attachment":[{"href":"https:\/\/stopline.snj-dev.lu\/de\/wp-json\/wp\/v2\/media?parent=1045"}],"curies":[{"name":"wp","href":"https:\/\/api.w.org\/{rel}","templated":true}]}}